{"id":5019,"date":"2025-11-11T11:16:35","date_gmt":"2025-11-11T08:16:35","guid":{"rendered":"https:\/\/www.electratransformers.com\/?page_id=5019"},"modified":"2025-11-11T11:24:59","modified_gmt":"2025-11-11T08:24:59","slug":"kalite-belgelerimiz","status":"publish","type":"page","link":"https:\/\/www.electratransformers.com\/en\/kalite-belgelerimiz\/","title":{"rendered":"Kalite Belgelerimiz"},"content":{"rendered":"<h2><a href=\"https:\/\/www.electratransformers.com\/wp-content\/uploads\/2025\/11\/0_92ce4c0a-3d3e-4bf9-8f56-c1749f36651e_TrTSE_45c3b047.pdf\" target=\"_blank\" rel=\"noopener\">T\u00dcRK STANDARDLARI ENST\u0130T\u00dcS\u00dc<\/a><\/h2>\n<h2><a href=\"https:\/\/www.electratransformers.com\/wp-content\/uploads\/2025\/11\/TURKAK-AKREDITASYON-BELGESI.pdf\" target=\"_blank\" rel=\"noopener\">AKRED\u0130TASYON SERT\u0130F\u0130KASI<\/a><\/h2>\n<h2><a href=\"https:\/\/www.electratransformers.com\/wp-content\/uploads\/2025\/11\/ELECTRA01494520250328165028.pdf\" target=\"_blank\" rel=\"noopener\">INTERNATIONAL FIRST CERTIFICATION<\/a><\/h2>\n<h2><a href=\"https:\/\/www.electratransformers.com\/wp-content\/uploads\/2025\/11\/TEDAS-ONAY-LISTESI.pdf\" target=\"_blank\" rel=\"noopener\">TEDA\u015e ONAY L\u0130STES\u0130<\/a><\/h2>","protected":false},"excerpt":{"rendered":"<p>T\u00dcRK STANDARDLARI ENST\u0130T\u00dcS\u00dc AKRED\u0130TASYON SERT\u0130F\u0130KASI INTERNATIONAL FIRST CERTIFICATION TEDA\u015e ONAY L\u0130STES\u0130<\/p>","protected":false},"author":2,"featured_media":0,"parent":0,"menu_order":0,"comment_status":"closed","ping_status":"closed","template":"","meta":{"_joinchat":[],"footnotes":""},"class_list":["post-5019","page","type-page","status-publish","hentry"],"yoast_head":"<!-- This site is optimized with the Yoast SEO plugin v26.5 - https:\/\/yoast.com\/wordpress\/plugins\/seo\/ -->\n<title>Kalite Belgelerimiz - Electra Transformer - Konya<\/title>\n<meta name=\"robots\" content=\"index, follow, max-snippet:-1, max-image-preview:large, max-video-preview:-1\" \/>\n<link rel=\"canonical\" href=\"https:\/\/www.electratransformers.com\/en\/kalite-belgelerimiz\/\" \/>\n<meta property=\"og:locale\" content=\"en_US\" \/>\n<meta property=\"og:type\" content=\"article\" \/>\n<meta property=\"og:title\" content=\"Kalite Belgelerimiz - Electra Transformer - Konya\" \/>\n<meta property=\"og:description\" content=\"T\u00dcRK STANDARDLARI ENST\u0130T\u00dcS\u00dc AKRED\u0130TASYON SERT\u0130F\u0130KASI INTERNATIONAL FIRST CERTIFICATION TEDA\u015e ONAY L\u0130STES\u0130\" \/>\n<meta property=\"og:url\" content=\"https:\/\/www.electratransformers.com\/en\/kalite-belgelerimiz\/\" \/>\n<meta property=\"og:site_name\" content=\"Electra Transformer - Konya\" \/>\n<meta property=\"article:modified_time\" content=\"2025-11-11T08:24:59+00:00\" \/>\n<meta name=\"twitter:card\" content=\"summary_large_image\" \/>\n<meta name=\"twitter:label1\" content=\"Est. reading time\" \/>\n\t<meta name=\"twitter:data1\" content=\"1 minute\" \/>\n<script type=\"application\/ld+json\" class=\"yoast-schema-graph\">{\"@context\":\"https:\/\/schema.org\",\"@graph\":[{\"@type\":\"WebPage\",\"@id\":\"https:\/\/www.electratransformers.com\/kalite-belgelerimiz\/\",\"url\":\"https:\/\/www.electratransformers.com\/kalite-belgelerimiz\/\",\"name\":\"Kalite Belgelerimiz - Electra Transformer - Konya\",\"isPartOf\":{\"@id\":\"https:\/\/www.electratransformers.com\/#website\"},\"datePublished\":\"2025-11-11T08:16:35+00:00\",\"dateModified\":\"2025-11-11T08:24:59+00:00\",\"breadcrumb\":{\"@id\":\"https:\/\/www.electratransformers.com\/kalite-belgelerimiz\/#breadcrumb\"},\"inLanguage\":\"en-US\",\"potentialAction\":[{\"@type\":\"ReadAction\",\"target\":[\"https:\/\/www.electratransformers.com\/kalite-belgelerimiz\/\"]}]},{\"@type\":\"BreadcrumbList\",\"@id\":\"https:\/\/www.electratransformers.com\/kalite-belgelerimiz\/#breadcrumb\",\"itemListElement\":[{\"@type\":\"ListItem\",\"position\":1,\"name\":\"Home\",\"item\":\"https:\/\/www.electratransformers.com\/\"},{\"@type\":\"ListItem\",\"position\":2,\"name\":\"Kalite Belgelerimiz\"}]},{\"@type\":\"WebSite\",\"@id\":\"https:\/\/www.electratransformers.com\/#website\",\"url\":\"https:\/\/www.electratransformers.com\/\",\"name\":\"Electra Transformer - Konya\",\"description\":\"\",\"potentialAction\":[{\"@type\":\"SearchAction\",\"target\":{\"@type\":\"EntryPoint\",\"urlTemplate\":\"https:\/\/www.electratransformers.com\/?s={search_term_string}\"},\"query-input\":{\"@type\":\"PropertyValueSpecification\",\"valueRequired\":true,\"valueName\":\"search_term_string\"}}],\"inLanguage\":\"en-US\"}]}<\/script>\n<!-- \/ Yoast SEO plugin. -->","yoast_head_json":{"title":"Kalite Belgelerimiz - Electra Transformer - Konya","robots":{"index":"index","follow":"follow","max-snippet":"max-snippet:-1","max-image-preview":"max-image-preview:large","max-video-preview":"max-video-preview:-1"},"canonical":"https:\/\/www.electratransformers.com\/en\/kalite-belgelerimiz\/","og_locale":"en_US","og_type":"article","og_title":"Kalite Belgelerimiz - Electra Transformer - Konya","og_description":"T\u00dcRK STANDARDLARI ENST\u0130T\u00dcS\u00dc AKRED\u0130TASYON SERT\u0130F\u0130KASI INTERNATIONAL FIRST CERTIFICATION TEDA\u015e ONAY L\u0130STES\u0130","og_url":"https:\/\/www.electratransformers.com\/en\/kalite-belgelerimiz\/","og_site_name":"Electra Transformer - Konya","article_modified_time":"2025-11-11T08:24:59+00:00","twitter_card":"summary_large_image","twitter_misc":{"Est. reading time":"1 minute"},"schema":{"@context":"https:\/\/schema.org","@graph":[{"@type":"WebPage","@id":"https:\/\/www.electratransformers.com\/kalite-belgelerimiz\/","url":"https:\/\/www.electratransformers.com\/kalite-belgelerimiz\/","name":"Kalite Belgelerimiz - Electra Transformer - Konya","isPartOf":{"@id":"https:\/\/www.electratransformers.com\/#website"},"datePublished":"2025-11-11T08:16:35+00:00","dateModified":"2025-11-11T08:24:59+00:00","breadcrumb":{"@id":"https:\/\/www.electratransformers.com\/kalite-belgelerimiz\/#breadcrumb"},"inLanguage":"en-US","potentialAction":[{"@type":"ReadAction","target":["https:\/\/www.electratransformers.com\/kalite-belgelerimiz\/"]}]},{"@type":"BreadcrumbList","@id":"https:\/\/www.electratransformers.com\/kalite-belgelerimiz\/#breadcrumb","itemListElement":[{"@type":"ListItem","position":1,"name":"Home","item":"https:\/\/www.electratransformers.com\/"},{"@type":"ListItem","position":2,"name":"Kalite Belgelerimiz"}]},{"@type":"WebSite","@id":"https:\/\/www.electratransformers.com\/#website","url":"https:\/\/www.electratransformers.com\/","name":"Electra Transformer - Konya","description":"","potentialAction":[{"@type":"SearchAction","target":{"@type":"EntryPoint","urlTemplate":"https:\/\/www.electratransformers.com\/?s={search_term_string}"},"query-input":{"@type":"PropertyValueSpecification","valueRequired":true,"valueName":"search_term_string"}}],"inLanguage":"en-US"}]}},"_links":{"self":[{"href":"https:\/\/www.electratransformers.com\/en\/wp-json\/wp\/v2\/pages\/5019","targetHints":{"allow":["GET"]}}],"collection":[{"href":"https:\/\/www.electratransformers.com\/en\/wp-json\/wp\/v2\/pages"}],"about":[{"href":"https:\/\/www.electratransformers.com\/en\/wp-json\/wp\/v2\/types\/page"}],"author":[{"embeddable":true,"href":"https:\/\/www.electratransformers.com\/en\/wp-json\/wp\/v2\/users\/2"}],"replies":[{"embeddable":true,"href":"https:\/\/www.electratransformers.com\/en\/wp-json\/wp\/v2\/comments?post=5019"}],"version-history":[{"count":5,"href":"https:\/\/www.electratransformers.com\/en\/wp-json\/wp\/v2\/pages\/5019\/revisions"}],"predecessor-version":[{"id":5028,"href":"https:\/\/www.electratransformers.com\/en\/wp-json\/wp\/v2\/pages\/5019\/revisions\/5028"}],"wp:attachment":[{"href":"https:\/\/www.electratransformers.com\/en\/wp-json\/wp\/v2\/media?parent=5019"}],"curies":[{"name":"wp","href":"https:\/\/api.w.org\/{rel}","templated":true}]}}