{"id":4761,"date":"2024-08-14T19:24:37","date_gmt":"2024-08-14T16:24:37","guid":{"rendered":"https:\/\/www.electratransformers.com\/?page_id=4761"},"modified":"2024-08-14T21:52:58","modified_gmt":"2024-08-14T18:52:58","slug":"insan-kaynaklari","status":"publish","type":"page","link":"https:\/\/www.electratransformers.com\/en\/insan-kaynaklari\/","title":{"rendered":"Human Resources"},"content":{"rendered":"<div data-elementor-type=\"wp-page\" data-elementor-id=\"4761\" class=\"elementor elementor-4761\">\n\t\t\t\t\t\t<section class=\"xts-negative-gap elementor-section elementor-top-section elementor-element elementor-element-183ab95 elementor-section-content-middle elementor-reverse-tablet elementor-reverse-mobile elementor-section-full_width xts-section-stretch elementor-section-height-default elementor-section-height-default\" data-id=\"183ab95\" data-element_type=\"section\">\n\t\t\t\t\t\t<div class=\"elementor-container elementor-column-gap-wide\">\n\t\t\t\t\t<div class=\"elementor-column elementor-col-100 elementor-top-column elementor-element elementor-element-28221bb\" data-id=\"28221bb\" data-element_type=\"column\">\n\t\t\t<div class=\"elementor-widget-wrap elementor-element-populated\">\n\t\t\t\t\t\t<div class=\"elementor-element elementor-element-9a91ee7 elementor-widget elementor-widget-xts_title\" data-id=\"9a91ee7\" data-element_type=\"widget\" data-widget_type=\"xts_title.default\">\n\t\t\t\t<div class=\"elementor-widget-container\">\n\t\t\t\t\t\t\t\t<div class=\"xts-section-heading xts-reset-mb-10 xts-reset-last xts-textalign-left\" data-animation-delay=\"\">\r\n\t\t\t\t\r\n\t\t\t\t\t\t\t\t\t<h4 class=\"xts-section-title title xts-design-default xts-fontsize-xl\">\r\n\t\t\t\t\t\t<span class=\"xts-section-title-text\" data-elementor-setting-key=\"title\">\r\n\t\t\t\t\t\t\tHuman Resources\t\t\t\t\t\t<\/span>\r\n\r\n\t\t\t\t\t\t\t\t\t\t\t<\/h4>\r\n\t\t\t\t\r\n\t\t\t\t\r\n\t\t\t\t\t\t\t<\/div>\r\n\t\t\t\t\t\t<\/div>\n\t\t\t\t<\/div>\n\t\t\t\t<div class=\"elementor-element elementor-element-e151a2a elementor-widget-tablet__width-inherit xts-scheme-inherit xts-textalign-inherit elementor-widget elementor-widget-text-editor\" data-id=\"e151a2a\" data-element_type=\"widget\" data-widget_type=\"text-editor.default\">\n\t\t\t\t<div class=\"elementor-widget-container\">\n\t\t\t\t\t\t\t\t\t<div class=\"gtx-body\"><p>Every successful brand, company owes its success to quality personnel resources. It will come to the place it deserves in the sector with personnel resources that are experienced in their fields, open to development and reflect quality in every field. Working in line with our goals with our employees who constantly improve themselves with trainings, are open to using new methods and know the importance of teamwork with their synergy forms the basis of our human resources policy.<\/p><p>With the service opportunity, performance-based compensation policy and social security we offer to all our employees, our company aims to provide a peaceful and happy working environment for its personnel.<\/p><p>You can access our company&#039;s current job postings on www.kariyer.net, and send your resume for evaluation from the upload section below or to info@electratrafo.com.tr.<\/p><p>Education<\/p><p>Our company provides the necessary Orientation, Occupational Health and Safety training to newly hired personnel according to the job position they will work in. Increasing the competence of our personnel through seminars and trainings is one of the most important goals of our HR department.<\/p><\/div>\t\t\t\t\t\t\t\t<\/div>\n\t\t\t\t<\/div>\n\t\t\t\t<div class=\"elementor-element elementor-element-84e86bf elementor-widget elementor-widget-xts_button\" data-id=\"84e86bf\" data-element_type=\"widget\" data-widget_type=\"xts_button.default\">\n\t\t\t\t<div class=\"elementor-widget-container\">\n\t\t\t\t\t\t\t\t<div class=\"xts-button-wrapper xts-textalign-left\" >\r\n\t\t\t\t\t\t\t\t\t<a class=\"xts-button xts-size-m xts-style-default xts-color-primary xts-shape-round\"  href=\"https:\/\/www.electratransformer.com\/iletisim\/\">\r\n\t\t\t\t\t\t<span class=\"xts-button-text\" data-elementor-setting-key=\"button_text\">\r\n\t\t\t\t\t\t\tContact Us!\t\t\t\t\t\t<\/span>\r\n\r\n\t\t\t\t\t\t\t\t\t\t\t<\/a>\r\n\t\t\t\t\t\t\t<\/div>\r\n\t\t\t\t\t\t<\/div>\n\t\t\t\t<\/div>\n\t\t\t\t\t<\/div>\n\t\t<\/div>\n\t\t\t\t\t<\/div>\n\t\t<\/section>\n\t\t\t\t<\/div>","protected":false},"excerpt":{"rendered":"<p>\u0130nsan Kaynaklar\u0131 Her ba\u015far\u0131l\u0131 marka , firma\u00a0 ba\u015far\u0131s\u0131n\u0131 kaliteli personel kayna\u011f\u0131na bor\u00e7ludur. Konusunda deneyimli, geli\u015fime a\u00e7\u0131k ve kaliteyi her alanda yans\u0131tan personel kayna\u011f\u0131 ile sekt\u00f6r\u00fcnde hak etti\u011fi yere gelecektir. e\u011fitimler ile kendini s\u00fcrekli geli\u015ftiren, yeni y\u00f6ntemler kullanmaya a\u00e7\u0131k, sinerjileri ile\u00a0 \u00a0ekip \u00e7al\u0131\u015fmas\u0131n\u0131n \u00f6nemini bilen \u00e7al\u0131\u015fanlar\u0131m\u0131z ile hedeflerimiz do\u011frultusunda \u00e7al\u0131\u015fmak insan kaynaklar\u0131 politikam\u0131z\u0131n temelini olu\u015fturmaktad\u0131r. T\u00fcm [&hellip;]<\/p>","protected":false},"author":2,"featured_media":0,"parent":0,"menu_order":0,"comment_status":"closed","ping_status":"closed","template":"","meta":{"_joinchat":[],"footnotes":""},"class_list":["post-4761","page","type-page","status-publish","hentry"],"yoast_head":"<!-- This site is optimized with the Yoast SEO plugin v26.5 - https:\/\/yoast.com\/wordpress\/plugins\/seo\/ -->\n<title>\u0130nsan Kaynaklar\u0131 - Electra Transformer - Konya<\/title>\n<meta name=\"robots\" content=\"index, follow, max-snippet:-1, max-image-preview:large, max-video-preview:-1\" \/>\n<link rel=\"canonical\" href=\"https:\/\/www.electratransformers.com\/en\/insan-kaynaklari\/\" \/>\n<meta property=\"og:locale\" content=\"en_US\" \/>\n<meta property=\"og:type\" content=\"article\" \/>\n<meta property=\"og:title\" content=\"\u0130nsan Kaynaklar\u0131 - Electra Transformer - Konya\" \/>\n<meta property=\"og:description\" content=\"\u0130nsan Kaynaklar\u0131 Her ba\u015far\u0131l\u0131 marka , firma\u00a0 ba\u015far\u0131s\u0131n\u0131 kaliteli personel kayna\u011f\u0131na bor\u00e7ludur. Konusunda deneyimli, geli\u015fime a\u00e7\u0131k ve kaliteyi her alanda yans\u0131tan personel kayna\u011f\u0131 ile sekt\u00f6r\u00fcnde hak etti\u011fi yere gelecektir. e\u011fitimler ile kendini s\u00fcrekli geli\u015ftiren, yeni y\u00f6ntemler kullanmaya a\u00e7\u0131k, sinerjileri ile\u00a0 \u00a0ekip \u00e7al\u0131\u015fmas\u0131n\u0131n \u00f6nemini bilen \u00e7al\u0131\u015fanlar\u0131m\u0131z ile hedeflerimiz do\u011frultusunda \u00e7al\u0131\u015fmak insan kaynaklar\u0131 politikam\u0131z\u0131n temelini olu\u015fturmaktad\u0131r. T\u00fcm [&hellip;]\" \/>\n<meta property=\"og:url\" content=\"https:\/\/www.electratransformers.com\/en\/insan-kaynaklari\/\" \/>\n<meta property=\"og:site_name\" content=\"Electra Transformer - Konya\" \/>\n<meta property=\"article:modified_time\" content=\"2024-08-14T18:52:58+00:00\" \/>\n<meta name=\"twitter:card\" content=\"summary_large_image\" \/>\n<meta name=\"twitter:label1\" content=\"Est. reading time\" \/>\n\t<meta name=\"twitter:data1\" content=\"1 minute\" \/>\n<script type=\"application\/ld+json\" class=\"yoast-schema-graph\">{\"@context\":\"https:\/\/schema.org\",\"@graph\":[{\"@type\":\"WebPage\",\"@id\":\"https:\/\/www.electratransformers.com\/insan-kaynaklari\/\",\"url\":\"https:\/\/www.electratransformers.com\/insan-kaynaklari\/\",\"name\":\"\u0130nsan Kaynaklar\u0131 - Electra Transformer - Konya\",\"isPartOf\":{\"@id\":\"https:\/\/www.electratransformers.com\/#website\"},\"datePublished\":\"2024-08-14T16:24:37+00:00\",\"dateModified\":\"2024-08-14T18:52:58+00:00\",\"breadcrumb\":{\"@id\":\"https:\/\/www.electratransformers.com\/insan-kaynaklari\/#breadcrumb\"},\"inLanguage\":\"en-US\",\"potentialAction\":[{\"@type\":\"ReadAction\",\"target\":[\"https:\/\/www.electratransformers.com\/insan-kaynaklari\/\"]}]},{\"@type\":\"BreadcrumbList\",\"@id\":\"https:\/\/www.electratransformers.com\/insan-kaynaklari\/#breadcrumb\",\"itemListElement\":[{\"@type\":\"ListItem\",\"position\":1,\"name\":\"Home\",\"item\":\"https:\/\/www.electratransformers.com\/\"},{\"@type\":\"ListItem\",\"position\":2,\"name\":\"\u0130nsan Kaynaklar\u0131\"}]},{\"@type\":\"WebSite\",\"@id\":\"https:\/\/www.electratransformers.com\/#website\",\"url\":\"https:\/\/www.electratransformers.com\/\",\"name\":\"Electra Transformer - Konya\",\"description\":\"\",\"potentialAction\":[{\"@type\":\"SearchAction\",\"target\":{\"@type\":\"EntryPoint\",\"urlTemplate\":\"https:\/\/www.electratransformers.com\/?s={search_term_string}\"},\"query-input\":{\"@type\":\"PropertyValueSpecification\",\"valueRequired\":true,\"valueName\":\"search_term_string\"}}],\"inLanguage\":\"en-US\"}]}<\/script>\n<!-- \/ Yoast SEO plugin. -->","yoast_head_json":{"title":"\u0130nsan Kaynaklar\u0131 - Electra Transformer - Konya","robots":{"index":"index","follow":"follow","max-snippet":"max-snippet:-1","max-image-preview":"max-image-preview:large","max-video-preview":"max-video-preview:-1"},"canonical":"https:\/\/www.electratransformers.com\/en\/insan-kaynaklari\/","og_locale":"en_US","og_type":"article","og_title":"\u0130nsan Kaynaklar\u0131 - Electra Transformer - Konya","og_description":"\u0130nsan Kaynaklar\u0131 Her ba\u015far\u0131l\u0131 marka , firma\u00a0 ba\u015far\u0131s\u0131n\u0131 kaliteli personel kayna\u011f\u0131na bor\u00e7ludur. Konusunda deneyimli, geli\u015fime a\u00e7\u0131k ve kaliteyi her alanda yans\u0131tan personel kayna\u011f\u0131 ile sekt\u00f6r\u00fcnde hak etti\u011fi yere gelecektir. e\u011fitimler ile kendini s\u00fcrekli geli\u015ftiren, yeni y\u00f6ntemler kullanmaya a\u00e7\u0131k, sinerjileri ile\u00a0 \u00a0ekip \u00e7al\u0131\u015fmas\u0131n\u0131n \u00f6nemini bilen \u00e7al\u0131\u015fanlar\u0131m\u0131z ile hedeflerimiz do\u011frultusunda \u00e7al\u0131\u015fmak insan kaynaklar\u0131 politikam\u0131z\u0131n temelini olu\u015fturmaktad\u0131r. T\u00fcm [&hellip;]","og_url":"https:\/\/www.electratransformers.com\/en\/insan-kaynaklari\/","og_site_name":"Electra Transformer - Konya","article_modified_time":"2024-08-14T18:52:58+00:00","twitter_card":"summary_large_image","twitter_misc":{"Est. reading time":"1 minute"},"schema":{"@context":"https:\/\/schema.org","@graph":[{"@type":"WebPage","@id":"https:\/\/www.electratransformers.com\/insan-kaynaklari\/","url":"https:\/\/www.electratransformers.com\/insan-kaynaklari\/","name":"\u0130nsan Kaynaklar\u0131 - Electra Transformer - Konya","isPartOf":{"@id":"https:\/\/www.electratransformers.com\/#website"},"datePublished":"2024-08-14T16:24:37+00:00","dateModified":"2024-08-14T18:52:58+00:00","breadcrumb":{"@id":"https:\/\/www.electratransformers.com\/insan-kaynaklari\/#breadcrumb"},"inLanguage":"en-US","potentialAction":[{"@type":"ReadAction","target":["https:\/\/www.electratransformers.com\/insan-kaynaklari\/"]}]},{"@type":"BreadcrumbList","@id":"https:\/\/www.electratransformers.com\/insan-kaynaklari\/#breadcrumb","itemListElement":[{"@type":"ListItem","position":1,"name":"Home","item":"https:\/\/www.electratransformers.com\/"},{"@type":"ListItem","position":2,"name":"\u0130nsan Kaynaklar\u0131"}]},{"@type":"WebSite","@id":"https:\/\/www.electratransformers.com\/#website","url":"https:\/\/www.electratransformers.com\/","name":"Electra Transformer - Konya","description":"","potentialAction":[{"@type":"SearchAction","target":{"@type":"EntryPoint","urlTemplate":"https:\/\/www.electratransformers.com\/?s={search_term_string}"},"query-input":{"@type":"PropertyValueSpecification","valueRequired":true,"valueName":"search_term_string"}}],"inLanguage":"en-US"}]}},"_links":{"self":[{"href":"https:\/\/www.electratransformers.com\/en\/wp-json\/wp\/v2\/pages\/4761","targetHints":{"allow":["GET"]}}],"collection":[{"href":"https:\/\/www.electratransformers.com\/en\/wp-json\/wp\/v2\/pages"}],"about":[{"href":"https:\/\/www.electratransformers.com\/en\/wp-json\/wp\/v2\/types\/page"}],"author":[{"embeddable":true,"href":"https:\/\/www.electratransformers.com\/en\/wp-json\/wp\/v2\/users\/2"}],"replies":[{"embeddable":true,"href":"https:\/\/www.electratransformers.com\/en\/wp-json\/wp\/v2\/comments?post=4761"}],"version-history":[{"count":0,"href":"https:\/\/www.electratransformers.com\/en\/wp-json\/wp\/v2\/pages\/4761\/revisions"}],"wp:attachment":[{"href":"https:\/\/www.electratransformers.com\/en\/wp-json\/wp\/v2\/media?parent=4761"}],"curies":[{"name":"wp","href":"https:\/\/api.w.org\/{rel}","templated":true}]}}