{"id":3255,"date":"2023-04-06T14:44:13","date_gmt":"2023-04-06T11:44:13","guid":{"rendered":"https:\/\/www.electratransformers.com\/?page_id=3255"},"modified":"2024-08-14T22:24:45","modified_gmt":"2024-08-14T19:24:45","slug":"techizat","status":"publish","type":"page","link":"https:\/\/www.electratransformers.com\/en\/techizat\/","title":{"rendered":"Equipment"},"content":{"rendered":"<p>\u25baPower plate<\/p>\n<p>\u25ba Idle or Load tap changer Oil filling valve<\/p>\n<p>\u25ba Oil drain and sampling valve<\/p>\n<p>\u25ba Oil level indicator<\/p>\n<p>\u25ba Oil purge valve<\/p>\n<p>\u25baTwo grounding terminals on the boiler and the lid Thermometer pocket<\/p>\n<p>\u25baAir dryer<\/p>\n<p>\u25baArk horns<\/p>\n<h3>Custom Fitted Equipment<\/h3>\n<p>\u25ba Wheels adjustable in two axes \u25b8 Pressure relief valve<\/p>\n<p>\u25baBucholz relay (double closing contact)<\/p>\n<p>\u25baDial thermometer (with double closing contact) \u25ba Oil level indicator<\/p>\n<p>\u25ba Hood<\/p>\n<p>\u25baCable box<\/p>\n<p>\u25ba Plug-in isolator<\/p>\n<p>\u25baWinding temperature thermometer<\/p>\n<p>\u25baHermetic protective device (for hermetic transformers) Thermistor<\/p>\n<p>1) Oil expansion tank<\/p>\n<p>2) YG Bushing<\/p>\n<p>3) AG Busing<\/p>\n<p>4) Thermometer pocket<\/p>\n<p>5) Idle tap changer<\/p>\n<p>6) Core compression clamps<\/p>\n<p>7) LV Coil<\/p>\n<p>8) Nuver<\/p>\n<p>9) HV Coil<\/p>\n<p>10) Wave Wall<\/p>\n<p>11) Transformer Boiler<\/p>\n<p><strong>250-400 KVA<\/strong><\/p>\n<p>1. Oil Filling Nozzle<\/p>\n<p>2. Oil Drain Plug<\/p>\n<p>3. Tap Changer at the beginning<\/p>\n<p>4. Lifting Ears<\/p>\n<p>5. Thermometer Pocket<\/p>\n<p>6. Oil Drain Valve<\/p>\n<p>7. Air Dryer<\/p>\n<p>8. Sign Plate<\/p>\n<p>9. Grounding Terminals<\/p>\n<p>10. Oil Level Indicator<\/p>\n<p>11. Wheels<\/p>\n<h3>Three Phase, 25 \u2013 2500 kVA Oil Expansion Tank Transformer<\/h3>\n<p><strong>Distribution Transformers<\/strong><\/p>\n<p>\u27a4 Electra Transformer manufactures DISTRIBUTION TRANSFORMERS with powers between 25KVA - 2500 KVA and voltage levels up to 6.3-11- 20-36 KV, in accordance with TS, IEC, ANSI and BS standards, fully closed to the atmosphere or with EXPANSION TANK type open to the atmosphere, in accordance with the desired country voltages in line with customer demands.<\/p>\n<p>&nbsp;<\/p>","protected":false},"excerpt":{"rendered":"<p>\u25baG\u00fc\u00e7 plakas\u0131 \u25ba Bo\u015fta veya Y\u00fck alt\u0131nda kademe de\u011fi\u015ftirici Ya\u011f doldurma vanas\u0131 \u25ba Ya\u011f bo\u015faltma ve \u00f6rnek alma vanas\u0131 \u25ba Ya\u011f seviye g\u00f6stergesi \u25ba Ya\u011f tasfiye vanas\u0131 \u25baKazan ve kapak \u00fczerinde iki adet topraklama terminali Termometre cebi \u25baHava kurutucusu \u25baArk boynuzlar\u0131 Sipari\u015f \u00dczerine Tak\u0131lan Te\u00e7hizat \u25ba \u0130ki eksen y\u00f6n\u00fcnde ayarlanabilen tekerlekler\u25b8 Bas\u0131n\u00e7 emniyet valfi \u25baBucholz [&hellip;]<\/p>","protected":false},"author":2,"featured_media":0,"parent":0,"menu_order":0,"comment_status":"closed","ping_status":"closed","template":"","meta":{"_joinchat":[],"footnotes":""},"class_list":["post-3255","page","type-page","status-publish","hentry"],"yoast_head":"<!-- This site is optimized with the Yoast SEO plugin v26.5 - https:\/\/yoast.com\/wordpress\/plugins\/seo\/ -->\n<title>Te\u00e7hizat - Electra Transformer - Konya<\/title>\n<meta name=\"robots\" content=\"index, follow, max-snippet:-1, max-image-preview:large, max-video-preview:-1\" \/>\n<link rel=\"canonical\" href=\"https:\/\/www.electratransformers.com\/en\/techizat\/\" \/>\n<meta property=\"og:locale\" content=\"en_US\" \/>\n<meta property=\"og:type\" content=\"article\" \/>\n<meta property=\"og:title\" content=\"Te\u00e7hizat - Electra Transformer - Konya\" \/>\n<meta property=\"og:description\" content=\"\u25baG\u00fc\u00e7 plakas\u0131 \u25ba Bo\u015fta veya Y\u00fck alt\u0131nda kademe de\u011fi\u015ftirici Ya\u011f doldurma vanas\u0131 \u25ba Ya\u011f bo\u015faltma ve \u00f6rnek alma vanas\u0131 \u25ba Ya\u011f seviye g\u00f6stergesi \u25ba Ya\u011f tasfiye vanas\u0131 \u25baKazan ve kapak \u00fczerinde iki adet topraklama terminali Termometre cebi \u25baHava kurutucusu \u25baArk boynuzlar\u0131 Sipari\u015f \u00dczerine Tak\u0131lan Te\u00e7hizat \u25ba \u0130ki eksen y\u00f6n\u00fcnde ayarlanabilen tekerlekler\u25b8 Bas\u0131n\u00e7 emniyet valfi \u25baBucholz [&hellip;]\" \/>\n<meta property=\"og:url\" content=\"https:\/\/www.electratransformers.com\/en\/techizat\/\" \/>\n<meta property=\"og:site_name\" content=\"Electra Transformer - Konya\" \/>\n<meta property=\"article:modified_time\" content=\"2024-08-14T19:24:45+00:00\" \/>\n<meta name=\"twitter:card\" content=\"summary_large_image\" \/>\n<meta name=\"twitter:label1\" content=\"Est. reading time\" \/>\n\t<meta name=\"twitter:data1\" content=\"2 minutes\" \/>\n<script type=\"application\/ld+json\" class=\"yoast-schema-graph\">{\"@context\":\"https:\/\/schema.org\",\"@graph\":[{\"@type\":\"WebPage\",\"@id\":\"https:\/\/www.electratransformers.com\/techizat\/\",\"url\":\"https:\/\/www.electratransformers.com\/techizat\/\",\"name\":\"Te\u00e7hizat - Electra Transformer - Konya\",\"isPartOf\":{\"@id\":\"https:\/\/www.electratransformers.com\/#website\"},\"datePublished\":\"2023-04-06T11:44:13+00:00\",\"dateModified\":\"2024-08-14T19:24:45+00:00\",\"breadcrumb\":{\"@id\":\"https:\/\/www.electratransformers.com\/techizat\/#breadcrumb\"},\"inLanguage\":\"en-US\",\"potentialAction\":[{\"@type\":\"ReadAction\",\"target\":[\"https:\/\/www.electratransformers.com\/techizat\/\"]}]},{\"@type\":\"BreadcrumbList\",\"@id\":\"https:\/\/www.electratransformers.com\/techizat\/#breadcrumb\",\"itemListElement\":[{\"@type\":\"ListItem\",\"position\":1,\"name\":\"Home\",\"item\":\"https:\/\/www.electratransformers.com\/\"},{\"@type\":\"ListItem\",\"position\":2,\"name\":\"Te\u00e7hizat\"}]},{\"@type\":\"WebSite\",\"@id\":\"https:\/\/www.electratransformers.com\/#website\",\"url\":\"https:\/\/www.electratransformers.com\/\",\"name\":\"Electra Transformer - Konya\",\"description\":\"\",\"potentialAction\":[{\"@type\":\"SearchAction\",\"target\":{\"@type\":\"EntryPoint\",\"urlTemplate\":\"https:\/\/www.electratransformers.com\/?s={search_term_string}\"},\"query-input\":{\"@type\":\"PropertyValueSpecification\",\"valueRequired\":true,\"valueName\":\"search_term_string\"}}],\"inLanguage\":\"en-US\"}]}<\/script>\n<!-- \/ Yoast SEO plugin. -->","yoast_head_json":{"title":"Te\u00e7hizat - Electra Transformer - Konya","robots":{"index":"index","follow":"follow","max-snippet":"max-snippet:-1","max-image-preview":"max-image-preview:large","max-video-preview":"max-video-preview:-1"},"canonical":"https:\/\/www.electratransformers.com\/en\/techizat\/","og_locale":"en_US","og_type":"article","og_title":"Te\u00e7hizat - Electra Transformer - Konya","og_description":"\u25baG\u00fc\u00e7 plakas\u0131 \u25ba Bo\u015fta veya Y\u00fck alt\u0131nda kademe de\u011fi\u015ftirici Ya\u011f doldurma vanas\u0131 \u25ba Ya\u011f bo\u015faltma ve \u00f6rnek alma vanas\u0131 \u25ba Ya\u011f seviye g\u00f6stergesi \u25ba Ya\u011f tasfiye vanas\u0131 \u25baKazan ve kapak \u00fczerinde iki adet topraklama terminali Termometre cebi \u25baHava kurutucusu \u25baArk boynuzlar\u0131 Sipari\u015f \u00dczerine Tak\u0131lan Te\u00e7hizat \u25ba \u0130ki eksen y\u00f6n\u00fcnde ayarlanabilen tekerlekler\u25b8 Bas\u0131n\u00e7 emniyet valfi \u25baBucholz [&hellip;]","og_url":"https:\/\/www.electratransformers.com\/en\/techizat\/","og_site_name":"Electra Transformer - Konya","article_modified_time":"2024-08-14T19:24:45+00:00","twitter_card":"summary_large_image","twitter_misc":{"Est. reading time":"2 minutes"},"schema":{"@context":"https:\/\/schema.org","@graph":[{"@type":"WebPage","@id":"https:\/\/www.electratransformers.com\/techizat\/","url":"https:\/\/www.electratransformers.com\/techizat\/","name":"Te\u00e7hizat - Electra Transformer - Konya","isPartOf":{"@id":"https:\/\/www.electratransformers.com\/#website"},"datePublished":"2023-04-06T11:44:13+00:00","dateModified":"2024-08-14T19:24:45+00:00","breadcrumb":{"@id":"https:\/\/www.electratransformers.com\/techizat\/#breadcrumb"},"inLanguage":"en-US","potentialAction":[{"@type":"ReadAction","target":["https:\/\/www.electratransformers.com\/techizat\/"]}]},{"@type":"BreadcrumbList","@id":"https:\/\/www.electratransformers.com\/techizat\/#breadcrumb","itemListElement":[{"@type":"ListItem","position":1,"name":"Home","item":"https:\/\/www.electratransformers.com\/"},{"@type":"ListItem","position":2,"name":"Te\u00e7hizat"}]},{"@type":"WebSite","@id":"https:\/\/www.electratransformers.com\/#website","url":"https:\/\/www.electratransformers.com\/","name":"Electra Transformer - Konya","description":"","potentialAction":[{"@type":"SearchAction","target":{"@type":"EntryPoint","urlTemplate":"https:\/\/www.electratransformers.com\/?s={search_term_string}"},"query-input":{"@type":"PropertyValueSpecification","valueRequired":true,"valueName":"search_term_string"}}],"inLanguage":"en-US"}]}},"_links":{"self":[{"href":"https:\/\/www.electratransformers.com\/en\/wp-json\/wp\/v2\/pages\/3255","targetHints":{"allow":["GET"]}}],"collection":[{"href":"https:\/\/www.electratransformers.com\/en\/wp-json\/wp\/v2\/pages"}],"about":[{"href":"https:\/\/www.electratransformers.com\/en\/wp-json\/wp\/v2\/types\/page"}],"author":[{"embeddable":true,"href":"https:\/\/www.electratransformers.com\/en\/wp-json\/wp\/v2\/users\/2"}],"replies":[{"embeddable":true,"href":"https:\/\/www.electratransformers.com\/en\/wp-json\/wp\/v2\/comments?post=3255"}],"version-history":[{"count":0,"href":"https:\/\/www.electratransformers.com\/en\/wp-json\/wp\/v2\/pages\/3255\/revisions"}],"wp:attachment":[{"href":"https:\/\/www.electratransformers.com\/en\/wp-json\/wp\/v2\/media?parent=3255"}],"curies":[{"name":"wp","href":"https:\/\/api.w.org\/{rel}","templated":true}]}}