{"id":3253,"date":"2023-04-06T14:32:26","date_gmt":"2023-04-06T11:32:26","guid":{"rendered":"https:\/\/www.electratransformers.com\/?page_id=3253"},"modified":"2024-08-14T22:22:56","modified_gmt":"2024-08-14T19:22:56","slug":"aksesuarlar","status":"publish","type":"page","link":"https:\/\/www.electratransformers.com\/en\/aksesuarlar\/","title":{"rendered":"Accessories"},"content":{"rendered":"<p><strong> <img fetchpriority=\"high\" decoding=\"async\" class=\"wp-image-4824 alignright\" src=\"https:\/\/www.electratransformers.com\/wp-content\/uploads\/2024\/08\/aksesuar-2-437x500.jpg\" alt=\"\" width=\"274\" height=\"314\" srcset=\"https:\/\/www.electratransformers.com\/wp-content\/uploads\/2024\/08\/aksesuar-2-437x500.jpg 437w, https:\/\/www.electratransformers.com\/wp-content\/uploads\/2024\/08\/aksesuar-2-768x878.jpg 768w, https:\/\/www.electratransformers.com\/wp-content\/uploads\/2024\/08\/aksesuar-2.jpg 815w\" sizes=\"(max-width: 274px) 100vw, 274px\" \/>01 HERMETIC PROTECTION RELAY<\/strong><\/p>\n<p>It is preferred in hermetic designs. The relay shows the gas discharge, oil temperature and internal pressure in the boiler. It is used in transformers larger than 500 KVA. The relay has two contacts for gas discharge, boiler pressure and oil temperature.<\/p>\n<p>&nbsp;<\/p>\n<p><strong>02 ALCOHOL THERMOMETER<\/strong><\/p>\n<p>Alcohol thermometer only measures the temperature of transformer oil<\/p>\n<p>It is used for observation purposes and is contactless.<\/p>\n<p><strong>03 NEMALICIOUS<\/strong><\/p>\n<p>Connected to the oil expansion tank, it prevents moisture from passing into the oil by capturing the moisture in the air passing through it when the oil volume changes. The size of the dehumidifier is used depending on the amount of oil and air.<\/p>\n<p><strong>04 PRESSURE RELIEF VALVE<\/strong><\/p>\n<p>It is preferred in hermetic designs. It protects the transformer tank in case of sudden pressure increase, It is mounted on the cover. If the tank is exposed to the internal pressure set by the valve, the valve opens and prevents the tank from rupturing by compensating the pressure thanks to the oil discharge. Then, it automatically closes again, it can be used with contact when desired.<\/p>\n<p><strong>05 CONTACT OIL TEMPERATURE THERMOMETER<\/strong><\/p>\n<p>There is a maximum indicator showing the maximum temperature reached by the oil in the transformer and can be reset with a button on the lower part. The oil temperature can be read up to 1 20\u00b0C. There are two adjustable contacts. The electrical values of the micro switches are 5A 250 VAC or 0.2A, 250VDC.<\/p>\n<p><strong>06 MAGNETIC OIL LEVEL INDICATOR<\/strong><\/p>\n<p>It is used to monitor the oil level in the Vag Expansion Tank. Transformer oil change is shown on the oil level indicator with a float that is magnetically connected. The magnetic oil level indicator setting depends on the diameter of the expansion tank, and if desired, contact level indicators can also be used.<\/p>\n<p>&nbsp;<\/p>\n<p><strong>07 BUCHHOLZ RELAY<\/strong><\/p>\n<p>It is connected between the transformer tank and the oil expansion tank with pipes. It is used to protect the transformer in case of a failure that may occur in the electrical equipment inside the transformer. Insulation in case of failure<\/p>\n<p>When gas is released in the materials, it accumulates in the chamber while passing through the relay and pushes the float down or in case of sudden failures, the valve is activated while the oil is rapidly flowing towards the valve, causing the contacts to operate. There are two independent contacts in the relay for Opening and Alarm. These are: 5A, 250VAC or 0.2A, 250VDC.<\/p>\n<p>&nbsp;<\/p>","protected":false},"excerpt":{"rendered":"<p>01 HERMET\u0130K KORUMAR\u00d6LES\u0130 Hermetik dizaynlarda tercih edilir. R\u00f6le gaz tahliyesini, ya\u011f s\u0131cakl\u0131\u011f\u0131n\u0131 ve kazandaki i\u00e7 bas\u0131nc\u0131 g\u00f6stermektedir. 500 KVA&#8217;dan daha b\u00fcy\u00fck transformatorlerde kullan\u0131l\u0131r. Rolede gaz tahliyesi, kazan basanc\u0131 ve ya\u011f s\u0131cakl\u0131\u011f i\u00e7in herbirine ait iki\u015fer kontak bulunmaktad\u0131r. &nbsp; 02 ALKOLL\u00dcTERMOMETRE Alkoll\u00fc termometre sadece transformat\u00f6r ya\u011f\u0131n\u0131n s\u0131cakl\u0131\u011f\u0131n\u0131 g\u00f6zlemlemek amac\u0131yla kullan\u0131l\u0131r ve kontaks\u0131zd\u0131r. 03 NEMALICI Ya\u011f genle\u015fme [&hellip;]<\/p>","protected":false},"author":2,"featured_media":0,"parent":0,"menu_order":0,"comment_status":"closed","ping_status":"closed","template":"","meta":{"_joinchat":[],"footnotes":""},"class_list":["post-3253","page","type-page","status-publish","hentry"],"yoast_head":"<!-- This site is optimized with the Yoast SEO plugin v26.5 - https:\/\/yoast.com\/wordpress\/plugins\/seo\/ -->\n<title>Aksesuarlar - Electra Transformer - Konya<\/title>\n<meta name=\"robots\" content=\"index, follow, max-snippet:-1, max-image-preview:large, max-video-preview:-1\" \/>\n<link rel=\"canonical\" href=\"https:\/\/www.electratransformers.com\/en\/aksesuarlar\/\" \/>\n<meta property=\"og:locale\" content=\"en_US\" \/>\n<meta property=\"og:type\" content=\"article\" \/>\n<meta property=\"og:title\" content=\"Aksesuarlar - Electra Transformer - Konya\" \/>\n<meta property=\"og:description\" content=\"01 HERMET\u0130K KORUMAR\u00d6LES\u0130 Hermetik dizaynlarda tercih edilir. R\u00f6le gaz tahliyesini, ya\u011f s\u0131cakl\u0131\u011f\u0131n\u0131 ve kazandaki i\u00e7 bas\u0131nc\u0131 g\u00f6stermektedir. 500 KVA&#8217;dan daha b\u00fcy\u00fck transformatorlerde kullan\u0131l\u0131r. Rolede gaz tahliyesi, kazan basanc\u0131 ve ya\u011f s\u0131cakl\u0131\u011f i\u00e7in herbirine ait iki\u015fer kontak bulunmaktad\u0131r. &nbsp; 02 ALKOLL\u00dcTERMOMETRE Alkoll\u00fc termometre sadece transformat\u00f6r ya\u011f\u0131n\u0131n s\u0131cakl\u0131\u011f\u0131n\u0131 g\u00f6zlemlemek amac\u0131yla kullan\u0131l\u0131r ve kontaks\u0131zd\u0131r. 03 NEMALICI Ya\u011f genle\u015fme [&hellip;]\" \/>\n<meta property=\"og:url\" content=\"https:\/\/www.electratransformers.com\/en\/aksesuarlar\/\" \/>\n<meta property=\"og:site_name\" content=\"Electra Transformer - Konya\" \/>\n<meta property=\"article:modified_time\" content=\"2024-08-14T19:22:56+00:00\" \/>\n<meta property=\"og:image\" content=\"https:\/\/www.electratransformers.com\/wp-content\/uploads\/2024\/08\/aksesuar-2-437x500.jpg\" \/>\n<meta name=\"twitter:card\" content=\"summary_large_image\" \/>\n<meta name=\"twitter:label1\" content=\"Est. reading time\" \/>\n\t<meta name=\"twitter:data1\" content=\"2 minutes\" \/>\n<script type=\"application\/ld+json\" class=\"yoast-schema-graph\">{\"@context\":\"https:\/\/schema.org\",\"@graph\":[{\"@type\":\"WebPage\",\"@id\":\"https:\/\/www.electratransformers.com\/aksesuarlar\/\",\"url\":\"https:\/\/www.electratransformers.com\/aksesuarlar\/\",\"name\":\"Aksesuarlar - Electra Transformer - Konya\",\"isPartOf\":{\"@id\":\"https:\/\/www.electratransformers.com\/#website\"},\"primaryImageOfPage\":{\"@id\":\"https:\/\/www.electratransformers.com\/aksesuarlar\/#primaryimage\"},\"image\":{\"@id\":\"https:\/\/www.electratransformers.com\/aksesuarlar\/#primaryimage\"},\"thumbnailUrl\":\"https:\/\/www.electratransformers.com\/wp-content\/uploads\/2024\/08\/aksesuar-2-437x500.jpg\",\"datePublished\":\"2023-04-06T11:32:26+00:00\",\"dateModified\":\"2024-08-14T19:22:56+00:00\",\"breadcrumb\":{\"@id\":\"https:\/\/www.electratransformers.com\/aksesuarlar\/#breadcrumb\"},\"inLanguage\":\"en-US\",\"potentialAction\":[{\"@type\":\"ReadAction\",\"target\":[\"https:\/\/www.electratransformers.com\/aksesuarlar\/\"]}]},{\"@type\":\"ImageObject\",\"inLanguage\":\"en-US\",\"@id\":\"https:\/\/www.electratransformers.com\/aksesuarlar\/#primaryimage\",\"url\":\"https:\/\/www.electratransformers.com\/wp-content\/uploads\/2024\/08\/aksesuar-2-437x500.jpg\",\"contentUrl\":\"https:\/\/www.electratransformers.com\/wp-content\/uploads\/2024\/08\/aksesuar-2-437x500.jpg\"},{\"@type\":\"BreadcrumbList\",\"@id\":\"https:\/\/www.electratransformers.com\/aksesuarlar\/#breadcrumb\",\"itemListElement\":[{\"@type\":\"ListItem\",\"position\":1,\"name\":\"Home\",\"item\":\"https:\/\/www.electratransformers.com\/\"},{\"@type\":\"ListItem\",\"position\":2,\"name\":\"Aksesuarlar\"}]},{\"@type\":\"WebSite\",\"@id\":\"https:\/\/www.electratransformers.com\/#website\",\"url\":\"https:\/\/www.electratransformers.com\/\",\"name\":\"Electra Transformer - Konya\",\"description\":\"\",\"potentialAction\":[{\"@type\":\"SearchAction\",\"target\":{\"@type\":\"EntryPoint\",\"urlTemplate\":\"https:\/\/www.electratransformers.com\/?s={search_term_string}\"},\"query-input\":{\"@type\":\"PropertyValueSpecification\",\"valueRequired\":true,\"valueName\":\"search_term_string\"}}],\"inLanguage\":\"en-US\"}]}<\/script>\n<!-- \/ Yoast SEO plugin. -->","yoast_head_json":{"title":"Aksesuarlar - Electra Transformer - Konya","robots":{"index":"index","follow":"follow","max-snippet":"max-snippet:-1","max-image-preview":"max-image-preview:large","max-video-preview":"max-video-preview:-1"},"canonical":"https:\/\/www.electratransformers.com\/en\/aksesuarlar\/","og_locale":"en_US","og_type":"article","og_title":"Aksesuarlar - Electra Transformer - Konya","og_description":"01 HERMET\u0130K KORUMAR\u00d6LES\u0130 Hermetik dizaynlarda tercih edilir. R\u00f6le gaz tahliyesini, ya\u011f s\u0131cakl\u0131\u011f\u0131n\u0131 ve kazandaki i\u00e7 bas\u0131nc\u0131 g\u00f6stermektedir. 500 KVA&#8217;dan daha b\u00fcy\u00fck transformatorlerde kullan\u0131l\u0131r. Rolede gaz tahliyesi, kazan basanc\u0131 ve ya\u011f s\u0131cakl\u0131\u011f i\u00e7in herbirine ait iki\u015fer kontak bulunmaktad\u0131r. &nbsp; 02 ALKOLL\u00dcTERMOMETRE Alkoll\u00fc termometre sadece transformat\u00f6r ya\u011f\u0131n\u0131n s\u0131cakl\u0131\u011f\u0131n\u0131 g\u00f6zlemlemek amac\u0131yla kullan\u0131l\u0131r ve kontaks\u0131zd\u0131r. 03 NEMALICI Ya\u011f genle\u015fme [&hellip;]","og_url":"https:\/\/www.electratransformers.com\/en\/aksesuarlar\/","og_site_name":"Electra Transformer - Konya","article_modified_time":"2024-08-14T19:22:56+00:00","og_image":[{"url":"https:\/\/www.electratransformers.com\/wp-content\/uploads\/2024\/08\/aksesuar-2-437x500.jpg","type":"","width":"","height":""}],"twitter_card":"summary_large_image","twitter_misc":{"Est. reading time":"2 minutes"},"schema":{"@context":"https:\/\/schema.org","@graph":[{"@type":"WebPage","@id":"https:\/\/www.electratransformers.com\/aksesuarlar\/","url":"https:\/\/www.electratransformers.com\/aksesuarlar\/","name":"Aksesuarlar - Electra Transformer - Konya","isPartOf":{"@id":"https:\/\/www.electratransformers.com\/#website"},"primaryImageOfPage":{"@id":"https:\/\/www.electratransformers.com\/aksesuarlar\/#primaryimage"},"image":{"@id":"https:\/\/www.electratransformers.com\/aksesuarlar\/#primaryimage"},"thumbnailUrl":"https:\/\/www.electratransformers.com\/wp-content\/uploads\/2024\/08\/aksesuar-2-437x500.jpg","datePublished":"2023-04-06T11:32:26+00:00","dateModified":"2024-08-14T19:22:56+00:00","breadcrumb":{"@id":"https:\/\/www.electratransformers.com\/aksesuarlar\/#breadcrumb"},"inLanguage":"en-US","potentialAction":[{"@type":"ReadAction","target":["https:\/\/www.electratransformers.com\/aksesuarlar\/"]}]},{"@type":"ImageObject","inLanguage":"en-US","@id":"https:\/\/www.electratransformers.com\/aksesuarlar\/#primaryimage","url":"https:\/\/www.electratransformers.com\/wp-content\/uploads\/2024\/08\/aksesuar-2-437x500.jpg","contentUrl":"https:\/\/www.electratransformers.com\/wp-content\/uploads\/2024\/08\/aksesuar-2-437x500.jpg"},{"@type":"BreadcrumbList","@id":"https:\/\/www.electratransformers.com\/aksesuarlar\/#breadcrumb","itemListElement":[{"@type":"ListItem","position":1,"name":"Home","item":"https:\/\/www.electratransformers.com\/"},{"@type":"ListItem","position":2,"name":"Aksesuarlar"}]},{"@type":"WebSite","@id":"https:\/\/www.electratransformers.com\/#website","url":"https:\/\/www.electratransformers.com\/","name":"Electra Transformer - Konya","description":"","potentialAction":[{"@type":"SearchAction","target":{"@type":"EntryPoint","urlTemplate":"https:\/\/www.electratransformers.com\/?s={search_term_string}"},"query-input":{"@type":"PropertyValueSpecification","valueRequired":true,"valueName":"search_term_string"}}],"inLanguage":"en-US"}]}},"_links":{"self":[{"href":"https:\/\/www.electratransformers.com\/en\/wp-json\/wp\/v2\/pages\/3253","targetHints":{"allow":["GET"]}}],"collection":[{"href":"https:\/\/www.electratransformers.com\/en\/wp-json\/wp\/v2\/pages"}],"about":[{"href":"https:\/\/www.electratransformers.com\/en\/wp-json\/wp\/v2\/types\/page"}],"author":[{"embeddable":true,"href":"https:\/\/www.electratransformers.com\/en\/wp-json\/wp\/v2\/users\/2"}],"replies":[{"embeddable":true,"href":"https:\/\/www.electratransformers.com\/en\/wp-json\/wp\/v2\/comments?post=3253"}],"version-history":[{"count":0,"href":"https:\/\/www.electratransformers.com\/en\/wp-json\/wp\/v2\/pages\/3253\/revisions"}],"wp:attachment":[{"href":"https:\/\/www.electratransformers.com\/en\/wp-json\/wp\/v2\/media?parent=3253"}],"curies":[{"name":"wp","href":"https:\/\/api.w.org\/{rel}","templated":true}]}}