{"id":3250,"date":"2023-04-06T14:14:59","date_gmt":"2023-04-06T11:14:59","guid":{"rendered":"https:\/\/www.electratransformers.com\/?page_id=3250"},"modified":"2024-08-14T22:12:47","modified_gmt":"2024-08-14T19:12:47","slug":"baglanti-sekilleri","status":"publish","type":"page","link":"https:\/\/www.electratransformers.com\/en\/baglanti-sekilleri\/","title":{"rendered":"Connection Types"},"content":{"rendered":"<p><img decoding=\"async\" class=\"wp-image-4799 alignright\" src=\"https:\/\/www.electratransformers.com\/wp-content\/uploads\/2024\/08\/aktf-kkisim-500x312.jpg\" alt=\"\" width=\"274\" height=\"171\" srcset=\"https:\/\/www.electratransformers.com\/wp-content\/uploads\/2024\/08\/aktf-kkisim-500x312.jpg 500w, https:\/\/www.electratransformers.com\/wp-content\/uploads\/2024\/08\/aktf-kkisim.jpg 691w\" sizes=\"(max-width: 274px) 100vw, 274px\" \/>In distribution transformers up to 1600 KVA, the Dyn 11 (DELTA\/STAR neutral removed) connection type standardized by TEDA\u015e is applied, other connection types can be used if desired. For networks with high unbalanced loads in phases, a connection can be made in the Yzn 11 (STAR\/ZIGZAG-neutral removed) type for transformers up to 200 kVA power, if desired. In transformers larger than 1600 KVA, the connection type requested by the customer is applied.<\/p>\n<p>&nbsp;<\/p>","protected":false},"excerpt":{"rendered":"<p>1600 KVA&#8217; ya kadar da\u011f\u0131t\u0131m transformat\u00f6rlerinde TEDA\u015e taraf\u0131ndan standart hale getirilen Dyn 11 (\u00dc\u00c7GEN\/YILDIZ n\u00f6tr \u00e7\u0131kar\u0131lm\u0131\u015f) ba\u011flant\u0131 \u015fekli uygulanmaktad\u0131r, istenildi\u011finde di\u011fer ba\u011flant\u0131 \u015fekilleri de kullan\u0131labilir. Fazlarda dengesiz y\u00fcklerin \u00e7ok oldu\u011fu \u015febekeler i\u00e7in 200 kVA g\u00fcce kadar olan transformat\u00f6rlerde istenirse, Yzn 11 (YILDIZ\/ZIKZAK-n\u00f6tr \u00e7\u0131kar\u0131lm\u0131\u015f) \u015fekilde ba\u011flant\u0131 yap\u0131labilir. 1600 KVA&#8217; dan b\u00fcy\u00fck transformat\u00f6rler-de m\u00fc\u015fterinin istedi\u011fi ba\u011flant\u0131 \u015fekli [&hellip;]<\/p>","protected":false},"author":2,"featured_media":0,"parent":0,"menu_order":0,"comment_status":"closed","ping_status":"closed","template":"","meta":{"_joinchat":[],"footnotes":""},"class_list":["post-3250","page","type-page","status-publish","hentry"],"yoast_head":"<!-- This site is optimized with the Yoast SEO plugin v26.5 - https:\/\/yoast.com\/wordpress\/plugins\/seo\/ -->\n<title>Ba\u011flant\u0131 \u015eekilleri - Electra Transformer - Konya<\/title>\n<meta name=\"robots\" content=\"index, follow, max-snippet:-1, max-image-preview:large, max-video-preview:-1\" \/>\n<link rel=\"canonical\" href=\"https:\/\/www.electratransformers.com\/en\/baglanti-sekilleri\/\" \/>\n<meta property=\"og:locale\" content=\"en_US\" \/>\n<meta property=\"og:type\" content=\"article\" \/>\n<meta property=\"og:title\" content=\"Ba\u011flant\u0131 \u015eekilleri - Electra Transformer - Konya\" \/>\n<meta property=\"og:description\" content=\"1600 KVA&#8217; ya kadar da\u011f\u0131t\u0131m transformat\u00f6rlerinde TEDA\u015e taraf\u0131ndan standart hale getirilen Dyn 11 (\u00dc\u00c7GEN\/YILDIZ n\u00f6tr \u00e7\u0131kar\u0131lm\u0131\u015f) ba\u011flant\u0131 \u015fekli uygulanmaktad\u0131r, istenildi\u011finde di\u011fer ba\u011flant\u0131 \u015fekilleri de kullan\u0131labilir. Fazlarda dengesiz y\u00fcklerin \u00e7ok oldu\u011fu \u015febekeler i\u00e7in 200 kVA g\u00fcce kadar olan transformat\u00f6rlerde istenirse, Yzn 11 (YILDIZ\/ZIKZAK-n\u00f6tr \u00e7\u0131kar\u0131lm\u0131\u015f) \u015fekilde ba\u011flant\u0131 yap\u0131labilir. 1600 KVA&#8217; dan b\u00fcy\u00fck transformat\u00f6rler-de m\u00fc\u015fterinin istedi\u011fi ba\u011flant\u0131 \u015fekli [&hellip;]\" \/>\n<meta property=\"og:url\" content=\"https:\/\/www.electratransformers.com\/en\/baglanti-sekilleri\/\" \/>\n<meta property=\"og:site_name\" content=\"Electra Transformer - Konya\" \/>\n<meta property=\"article:modified_time\" content=\"2024-08-14T19:12:47+00:00\" \/>\n<meta property=\"og:image\" content=\"https:\/\/www.electratransformers.com\/wp-content\/uploads\/2024\/08\/aktf-kkisim-500x312.jpg\" \/>\n<meta name=\"twitter:card\" content=\"summary_large_image\" \/>\n<meta name=\"twitter:label1\" content=\"Est. reading time\" \/>\n\t<meta name=\"twitter:data1\" content=\"1 minute\" \/>\n<script type=\"application\/ld+json\" class=\"yoast-schema-graph\">{\"@context\":\"https:\/\/schema.org\",\"@graph\":[{\"@type\":\"WebPage\",\"@id\":\"https:\/\/www.electratransformers.com\/baglanti-sekilleri\/\",\"url\":\"https:\/\/www.electratransformers.com\/baglanti-sekilleri\/\",\"name\":\"Ba\u011flant\u0131 \u015eekilleri - Electra Transformer - Konya\",\"isPartOf\":{\"@id\":\"https:\/\/www.electratransformers.com\/#website\"},\"primaryImageOfPage\":{\"@id\":\"https:\/\/www.electratransformers.com\/baglanti-sekilleri\/#primaryimage\"},\"image\":{\"@id\":\"https:\/\/www.electratransformers.com\/baglanti-sekilleri\/#primaryimage\"},\"thumbnailUrl\":\"https:\/\/www.electratransformers.com\/wp-content\/uploads\/2024\/08\/aktf-kkisim-500x312.jpg\",\"datePublished\":\"2023-04-06T11:14:59+00:00\",\"dateModified\":\"2024-08-14T19:12:47+00:00\",\"breadcrumb\":{\"@id\":\"https:\/\/www.electratransformers.com\/baglanti-sekilleri\/#breadcrumb\"},\"inLanguage\":\"en-US\",\"potentialAction\":[{\"@type\":\"ReadAction\",\"target\":[\"https:\/\/www.electratransformers.com\/baglanti-sekilleri\/\"]}]},{\"@type\":\"ImageObject\",\"inLanguage\":\"en-US\",\"@id\":\"https:\/\/www.electratransformers.com\/baglanti-sekilleri\/#primaryimage\",\"url\":\"https:\/\/www.electratransformers.com\/wp-content\/uploads\/2024\/08\/aktf-kkisim-500x312.jpg\",\"contentUrl\":\"https:\/\/www.electratransformers.com\/wp-content\/uploads\/2024\/08\/aktf-kkisim-500x312.jpg\"},{\"@type\":\"BreadcrumbList\",\"@id\":\"https:\/\/www.electratransformers.com\/baglanti-sekilleri\/#breadcrumb\",\"itemListElement\":[{\"@type\":\"ListItem\",\"position\":1,\"name\":\"Home\",\"item\":\"https:\/\/www.electratransformers.com\/\"},{\"@type\":\"ListItem\",\"position\":2,\"name\":\"Ba\u011flant\u0131 \u015eekilleri\"}]},{\"@type\":\"WebSite\",\"@id\":\"https:\/\/www.electratransformers.com\/#website\",\"url\":\"https:\/\/www.electratransformers.com\/\",\"name\":\"Electra Transformer - Konya\",\"description\":\"\",\"potentialAction\":[{\"@type\":\"SearchAction\",\"target\":{\"@type\":\"EntryPoint\",\"urlTemplate\":\"https:\/\/www.electratransformers.com\/?s={search_term_string}\"},\"query-input\":{\"@type\":\"PropertyValueSpecification\",\"valueRequired\":true,\"valueName\":\"search_term_string\"}}],\"inLanguage\":\"en-US\"}]}<\/script>\n<!-- \/ Yoast SEO plugin. -->","yoast_head_json":{"title":"Ba\u011flant\u0131 \u015eekilleri - Electra Transformer - Konya","robots":{"index":"index","follow":"follow","max-snippet":"max-snippet:-1","max-image-preview":"max-image-preview:large","max-video-preview":"max-video-preview:-1"},"canonical":"https:\/\/www.electratransformers.com\/en\/baglanti-sekilleri\/","og_locale":"en_US","og_type":"article","og_title":"Ba\u011flant\u0131 \u015eekilleri - Electra Transformer - Konya","og_description":"1600 KVA&#8217; ya kadar da\u011f\u0131t\u0131m transformat\u00f6rlerinde TEDA\u015e taraf\u0131ndan standart hale getirilen Dyn 11 (\u00dc\u00c7GEN\/YILDIZ n\u00f6tr \u00e7\u0131kar\u0131lm\u0131\u015f) ba\u011flant\u0131 \u015fekli uygulanmaktad\u0131r, istenildi\u011finde di\u011fer ba\u011flant\u0131 \u015fekilleri de kullan\u0131labilir. Fazlarda dengesiz y\u00fcklerin \u00e7ok oldu\u011fu \u015febekeler i\u00e7in 200 kVA g\u00fcce kadar olan transformat\u00f6rlerde istenirse, Yzn 11 (YILDIZ\/ZIKZAK-n\u00f6tr \u00e7\u0131kar\u0131lm\u0131\u015f) \u015fekilde ba\u011flant\u0131 yap\u0131labilir. 1600 KVA&#8217; dan b\u00fcy\u00fck transformat\u00f6rler-de m\u00fc\u015fterinin istedi\u011fi ba\u011flant\u0131 \u015fekli [&hellip;]","og_url":"https:\/\/www.electratransformers.com\/en\/baglanti-sekilleri\/","og_site_name":"Electra Transformer - Konya","article_modified_time":"2024-08-14T19:12:47+00:00","og_image":[{"url":"https:\/\/www.electratransformers.com\/wp-content\/uploads\/2024\/08\/aktf-kkisim-500x312.jpg","type":"","width":"","height":""}],"twitter_card":"summary_large_image","twitter_misc":{"Est. reading time":"1 minute"},"schema":{"@context":"https:\/\/schema.org","@graph":[{"@type":"WebPage","@id":"https:\/\/www.electratransformers.com\/baglanti-sekilleri\/","url":"https:\/\/www.electratransformers.com\/baglanti-sekilleri\/","name":"Ba\u011flant\u0131 \u015eekilleri - Electra Transformer - Konya","isPartOf":{"@id":"https:\/\/www.electratransformers.com\/#website"},"primaryImageOfPage":{"@id":"https:\/\/www.electratransformers.com\/baglanti-sekilleri\/#primaryimage"},"image":{"@id":"https:\/\/www.electratransformers.com\/baglanti-sekilleri\/#primaryimage"},"thumbnailUrl":"https:\/\/www.electratransformers.com\/wp-content\/uploads\/2024\/08\/aktf-kkisim-500x312.jpg","datePublished":"2023-04-06T11:14:59+00:00","dateModified":"2024-08-14T19:12:47+00:00","breadcrumb":{"@id":"https:\/\/www.electratransformers.com\/baglanti-sekilleri\/#breadcrumb"},"inLanguage":"en-US","potentialAction":[{"@type":"ReadAction","target":["https:\/\/www.electratransformers.com\/baglanti-sekilleri\/"]}]},{"@type":"ImageObject","inLanguage":"en-US","@id":"https:\/\/www.electratransformers.com\/baglanti-sekilleri\/#primaryimage","url":"https:\/\/www.electratransformers.com\/wp-content\/uploads\/2024\/08\/aktf-kkisim-500x312.jpg","contentUrl":"https:\/\/www.electratransformers.com\/wp-content\/uploads\/2024\/08\/aktf-kkisim-500x312.jpg"},{"@type":"BreadcrumbList","@id":"https:\/\/www.electratransformers.com\/baglanti-sekilleri\/#breadcrumb","itemListElement":[{"@type":"ListItem","position":1,"name":"Home","item":"https:\/\/www.electratransformers.com\/"},{"@type":"ListItem","position":2,"name":"Ba\u011flant\u0131 \u015eekilleri"}]},{"@type":"WebSite","@id":"https:\/\/www.electratransformers.com\/#website","url":"https:\/\/www.electratransformers.com\/","name":"Electra Transformer - Konya","description":"","potentialAction":[{"@type":"SearchAction","target":{"@type":"EntryPoint","urlTemplate":"https:\/\/www.electratransformers.com\/?s={search_term_string}"},"query-input":{"@type":"PropertyValueSpecification","valueRequired":true,"valueName":"search_term_string"}}],"inLanguage":"en-US"}]}},"_links":{"self":[{"href":"https:\/\/www.electratransformers.com\/en\/wp-json\/wp\/v2\/pages\/3250","targetHints":{"allow":["GET"]}}],"collection":[{"href":"https:\/\/www.electratransformers.com\/en\/wp-json\/wp\/v2\/pages"}],"about":[{"href":"https:\/\/www.electratransformers.com\/en\/wp-json\/wp\/v2\/types\/page"}],"author":[{"embeddable":true,"href":"https:\/\/www.electratransformers.com\/en\/wp-json\/wp\/v2\/users\/2"}],"replies":[{"embeddable":true,"href":"https:\/\/www.electratransformers.com\/en\/wp-json\/wp\/v2\/comments?post=3250"}],"version-history":[{"count":0,"href":"https:\/\/www.electratransformers.com\/en\/wp-json\/wp\/v2\/pages\/3250\/revisions"}],"wp:attachment":[{"href":"https:\/\/www.electratransformers.com\/en\/wp-json\/wp\/v2\/media?parent=3250"}],"curies":[{"name":"wp","href":"https:\/\/api.w.org\/{rel}","templated":true}]}}