{"id":3247,"date":"2023-04-06T14:13:16","date_gmt":"2023-04-06T11:13:16","guid":{"rendered":"https:\/\/www.electratransformers.com\/?page_id=3247"},"modified":"2024-08-14T22:10:34","modified_gmt":"2024-08-14T19:10:34","slug":"testler","status":"publish","type":"page","link":"https:\/\/www.electratransformers.com\/en\/testler\/","title":{"rendered":"Tests"},"content":{"rendered":"<h3>Applied Tests<\/h3>\n<p>&nbsp;<\/p>\n<p>&nbsp;<\/p>\n<p>The following routine and type tests as prescribed by TS 267 are applied to transformers whose assembly has been completed and oil filling has been completed after drying.<\/p>\n<h3><img fetchpriority=\"high\" decoding=\"async\" class=\"wp-image-4804 alignright\" src=\"https:\/\/www.electratransformers.com\/wp-content\/uploads\/2024\/08\/test.jpg\" alt=\"\" width=\"362\" height=\"267\" \/>Routine Tests<\/h3>\n<ul>\n<li>Measuring winding resistances<\/li>\n<li>Checking polarity or connection group<\/li>\n<li>Measurement of short circuit voltage and load losses<\/li>\n<li>Measurement of no-load losses and current<\/li>\n<li>Induced voltage test<\/li>\n<li>Applied voltage test<\/li>\n<li>Measuring insulation resistances<\/li>\n<li>Measurement of DC insulation resistance<\/li>\n<\/ul>\n<h3>Special Tests<\/h3>\n<ul>\n<li>Checking the breakdown voltage of oil<\/li>\n<li>Measurement of the loss angle (tg) (D\u00dcBLE test)<\/li>\n<li>Measuring Paint Thickness<\/li>\n<\/ul>\n<h3>Type Tests<\/h3>\n<ul>\n<li>Temperature increase (Heating experiment)<\/li>\n<li>Temperature increase (heating test)<\/li>\n<li>Full wave impulse test Measurement of audible noise level<\/li>\n<li>Boiler Omar test) (For Hermetic Transformers)<\/li>\n<li>Mechanical endurance test against short circuits<\/li>\n<\/ul>\n<p>(This experiment is carried out abroad in CESI\/ITALY, IPH\/GERMANY test laboratories.)<\/p>\n<p>Except for the mechanical strength test against short circuits, all other types of tests are carried out in our company laboratory.<\/p>","protected":false},"excerpt":{"rendered":"<p>Uygulanan Testler &nbsp; &nbsp; Montaj\u0131 bitirilen ve kurutulduktan sonra ya\u011f dolumu tamamlanan transformat\u00f6rlere TS 267&#8217;nin \u00f6ng\u00f6rd\u00fc\u011f\u00fc a\u015fa\u011f\u0131daki rutin ve tip deneyler uygulanmaktad\u0131r. Rutin Testler Sarg\u0131 diren\u00e7lerinin \u00f6l\u00e7\u00fclmesi Polarite ya da ba\u011flant\u0131 grubunun denetlenmesi K\u0131sa devre gerilimi ve y\u00fck kay\u0131plar\u0131n\u0131n \u00f6l\u00e7\u00fclmesi Bo\u015ftaki kay\u0131plar\u0131n ve ak\u0131m\u0131n \u00f6l\u00e7\u00fclmesi End\u00fcklenen gerilim deneyi Uygulanan gerilim deneyi Yal\u0131t\u0131m diren\u00e7lerinin \u00f6l\u00e7\u00fclmesi Dc [&hellip;]<\/p>","protected":false},"author":2,"featured_media":0,"parent":0,"menu_order":0,"comment_status":"closed","ping_status":"closed","template":"","meta":{"_joinchat":[],"footnotes":""},"class_list":["post-3247","page","type-page","status-publish","hentry"],"yoast_head":"<!-- This site is optimized with the Yoast SEO plugin v26.5 - https:\/\/yoast.com\/wordpress\/plugins\/seo\/ -->\n<title>Testler - Electra Transformer - Konya<\/title>\n<meta name=\"robots\" content=\"index, follow, max-snippet:-1, max-image-preview:large, max-video-preview:-1\" \/>\n<link rel=\"canonical\" href=\"https:\/\/www.electratransformers.com\/en\/testler\/\" \/>\n<meta property=\"og:locale\" content=\"en_US\" \/>\n<meta property=\"og:type\" content=\"article\" \/>\n<meta property=\"og:title\" content=\"Testler - Electra Transformer - Konya\" \/>\n<meta property=\"og:description\" content=\"Uygulanan Testler &nbsp; &nbsp; Montaj\u0131 bitirilen ve kurutulduktan sonra ya\u011f dolumu tamamlanan transformat\u00f6rlere TS 267&#8217;nin \u00f6ng\u00f6rd\u00fc\u011f\u00fc a\u015fa\u011f\u0131daki rutin ve tip deneyler uygulanmaktad\u0131r. Rutin Testler Sarg\u0131 diren\u00e7lerinin \u00f6l\u00e7\u00fclmesi Polarite ya da ba\u011flant\u0131 grubunun denetlenmesi K\u0131sa devre gerilimi ve y\u00fck kay\u0131plar\u0131n\u0131n \u00f6l\u00e7\u00fclmesi Bo\u015ftaki kay\u0131plar\u0131n ve ak\u0131m\u0131n \u00f6l\u00e7\u00fclmesi End\u00fcklenen gerilim deneyi Uygulanan gerilim deneyi Yal\u0131t\u0131m diren\u00e7lerinin \u00f6l\u00e7\u00fclmesi Dc [&hellip;]\" \/>\n<meta property=\"og:url\" content=\"https:\/\/www.electratransformers.com\/en\/testler\/\" \/>\n<meta property=\"og:site_name\" content=\"Electra Transformer - Konya\" \/>\n<meta property=\"article:modified_time\" content=\"2024-08-14T19:10:34+00:00\" \/>\n<meta property=\"og:image\" content=\"https:\/\/www.electratransformers.com\/wp-content\/uploads\/2024\/08\/test.jpg\" \/>\n<meta name=\"twitter:card\" content=\"summary_large_image\" \/>\n<meta name=\"twitter:label1\" content=\"Est. reading time\" \/>\n\t<meta name=\"twitter:data1\" content=\"1 minute\" \/>\n<script type=\"application\/ld+json\" class=\"yoast-schema-graph\">{\"@context\":\"https:\/\/schema.org\",\"@graph\":[{\"@type\":\"WebPage\",\"@id\":\"https:\/\/www.electratransformers.com\/testler\/\",\"url\":\"https:\/\/www.electratransformers.com\/testler\/\",\"name\":\"Testler - Electra Transformer - Konya\",\"isPartOf\":{\"@id\":\"https:\/\/www.electratransformers.com\/#website\"},\"primaryImageOfPage\":{\"@id\":\"https:\/\/www.electratransformers.com\/testler\/#primaryimage\"},\"image\":{\"@id\":\"https:\/\/www.electratransformers.com\/testler\/#primaryimage\"},\"thumbnailUrl\":\"https:\/\/www.electratransformers.com\/wp-content\/uploads\/2024\/08\/test.jpg\",\"datePublished\":\"2023-04-06T11:13:16+00:00\",\"dateModified\":\"2024-08-14T19:10:34+00:00\",\"breadcrumb\":{\"@id\":\"https:\/\/www.electratransformers.com\/testler\/#breadcrumb\"},\"inLanguage\":\"en-US\",\"potentialAction\":[{\"@type\":\"ReadAction\",\"target\":[\"https:\/\/www.electratransformers.com\/testler\/\"]}]},{\"@type\":\"ImageObject\",\"inLanguage\":\"en-US\",\"@id\":\"https:\/\/www.electratransformers.com\/testler\/#primaryimage\",\"url\":\"https:\/\/www.electratransformers.com\/wp-content\/uploads\/2024\/08\/test.jpg\",\"contentUrl\":\"https:\/\/www.electratransformers.com\/wp-content\/uploads\/2024\/08\/test.jpg\"},{\"@type\":\"BreadcrumbList\",\"@id\":\"https:\/\/www.electratransformers.com\/testler\/#breadcrumb\",\"itemListElement\":[{\"@type\":\"ListItem\",\"position\":1,\"name\":\"Home\",\"item\":\"https:\/\/www.electratransformers.com\/\"},{\"@type\":\"ListItem\",\"position\":2,\"name\":\"Testler\"}]},{\"@type\":\"WebSite\",\"@id\":\"https:\/\/www.electratransformers.com\/#website\",\"url\":\"https:\/\/www.electratransformers.com\/\",\"name\":\"Electra Transformer - Konya\",\"description\":\"\",\"potentialAction\":[{\"@type\":\"SearchAction\",\"target\":{\"@type\":\"EntryPoint\",\"urlTemplate\":\"https:\/\/www.electratransformers.com\/?s={search_term_string}\"},\"query-input\":{\"@type\":\"PropertyValueSpecification\",\"valueRequired\":true,\"valueName\":\"search_term_string\"}}],\"inLanguage\":\"en-US\"}]}<\/script>\n<!-- \/ Yoast SEO plugin. -->","yoast_head_json":{"title":"Testler - Electra Transformer - Konya","robots":{"index":"index","follow":"follow","max-snippet":"max-snippet:-1","max-image-preview":"max-image-preview:large","max-video-preview":"max-video-preview:-1"},"canonical":"https:\/\/www.electratransformers.com\/en\/testler\/","og_locale":"en_US","og_type":"article","og_title":"Testler - Electra Transformer - Konya","og_description":"Uygulanan Testler &nbsp; &nbsp; Montaj\u0131 bitirilen ve kurutulduktan sonra ya\u011f dolumu tamamlanan transformat\u00f6rlere TS 267&#8217;nin \u00f6ng\u00f6rd\u00fc\u011f\u00fc a\u015fa\u011f\u0131daki rutin ve tip deneyler uygulanmaktad\u0131r. Rutin Testler Sarg\u0131 diren\u00e7lerinin \u00f6l\u00e7\u00fclmesi Polarite ya da ba\u011flant\u0131 grubunun denetlenmesi K\u0131sa devre gerilimi ve y\u00fck kay\u0131plar\u0131n\u0131n \u00f6l\u00e7\u00fclmesi Bo\u015ftaki kay\u0131plar\u0131n ve ak\u0131m\u0131n \u00f6l\u00e7\u00fclmesi End\u00fcklenen gerilim deneyi Uygulanan gerilim deneyi Yal\u0131t\u0131m diren\u00e7lerinin \u00f6l\u00e7\u00fclmesi Dc [&hellip;]","og_url":"https:\/\/www.electratransformers.com\/en\/testler\/","og_site_name":"Electra Transformer - Konya","article_modified_time":"2024-08-14T19:10:34+00:00","og_image":[{"url":"https:\/\/www.electratransformers.com\/wp-content\/uploads\/2024\/08\/test.jpg","type":"","width":"","height":""}],"twitter_card":"summary_large_image","twitter_misc":{"Est. reading time":"1 minute"},"schema":{"@context":"https:\/\/schema.org","@graph":[{"@type":"WebPage","@id":"https:\/\/www.electratransformers.com\/testler\/","url":"https:\/\/www.electratransformers.com\/testler\/","name":"Testler - Electra Transformer - Konya","isPartOf":{"@id":"https:\/\/www.electratransformers.com\/#website"},"primaryImageOfPage":{"@id":"https:\/\/www.electratransformers.com\/testler\/#primaryimage"},"image":{"@id":"https:\/\/www.electratransformers.com\/testler\/#primaryimage"},"thumbnailUrl":"https:\/\/www.electratransformers.com\/wp-content\/uploads\/2024\/08\/test.jpg","datePublished":"2023-04-06T11:13:16+00:00","dateModified":"2024-08-14T19:10:34+00:00","breadcrumb":{"@id":"https:\/\/www.electratransformers.com\/testler\/#breadcrumb"},"inLanguage":"en-US","potentialAction":[{"@type":"ReadAction","target":["https:\/\/www.electratransformers.com\/testler\/"]}]},{"@type":"ImageObject","inLanguage":"en-US","@id":"https:\/\/www.electratransformers.com\/testler\/#primaryimage","url":"https:\/\/www.electratransformers.com\/wp-content\/uploads\/2024\/08\/test.jpg","contentUrl":"https:\/\/www.electratransformers.com\/wp-content\/uploads\/2024\/08\/test.jpg"},{"@type":"BreadcrumbList","@id":"https:\/\/www.electratransformers.com\/testler\/#breadcrumb","itemListElement":[{"@type":"ListItem","position":1,"name":"Home","item":"https:\/\/www.electratransformers.com\/"},{"@type":"ListItem","position":2,"name":"Testler"}]},{"@type":"WebSite","@id":"https:\/\/www.electratransformers.com\/#website","url":"https:\/\/www.electratransformers.com\/","name":"Electra Transformer - Konya","description":"","potentialAction":[{"@type":"SearchAction","target":{"@type":"EntryPoint","urlTemplate":"https:\/\/www.electratransformers.com\/?s={search_term_string}"},"query-input":{"@type":"PropertyValueSpecification","valueRequired":true,"valueName":"search_term_string"}}],"inLanguage":"en-US"}]}},"_links":{"self":[{"href":"https:\/\/www.electratransformers.com\/en\/wp-json\/wp\/v2\/pages\/3247","targetHints":{"allow":["GET"]}}],"collection":[{"href":"https:\/\/www.electratransformers.com\/en\/wp-json\/wp\/v2\/pages"}],"about":[{"href":"https:\/\/www.electratransformers.com\/en\/wp-json\/wp\/v2\/types\/page"}],"author":[{"embeddable":true,"href":"https:\/\/www.electratransformers.com\/en\/wp-json\/wp\/v2\/users\/2"}],"replies":[{"embeddable":true,"href":"https:\/\/www.electratransformers.com\/en\/wp-json\/wp\/v2\/comments?post=3247"}],"version-history":[{"count":0,"href":"https:\/\/www.electratransformers.com\/en\/wp-json\/wp\/v2\/pages\/3247\/revisions"}],"wp:attachment":[{"href":"https:\/\/www.electratransformers.com\/en\/wp-json\/wp\/v2\/media?parent=3247"}],"curies":[{"name":"wp","href":"https:\/\/api.w.org\/{rel}","templated":true}]}}