{"id":3244,"date":"2023-04-06T14:05:57","date_gmt":"2023-04-06T11:05:57","guid":{"rendered":"https:\/\/www.electratransformers.com\/?page_id=3244"},"modified":"2024-08-14T17:42:21","modified_gmt":"2024-08-14T14:42:21","slug":"boyama","status":"publish","type":"page","link":"https:\/\/www.electratransformers.com\/en\/boyama\/","title":{"rendered":"Painting"},"content":{"rendered":"<p>The boilers that are manufactured are painted by spray method. Standard painting consists of one primer and two layers of final paint. Total film thickness is not less than 105p. Standard transformer color is RAL7033, also known as cement gray.<\/p>\n<p>It is possible to paint in different structures (such as zinc coating), different thicknesses and different color codes according to customer requests.<\/p>\n<p>&nbsp;<\/p>","protected":false},"excerpt":{"rendered":"<p>\u0130malat\u0131 tamamlanan kazanlar sprey y\u00f6ntemi ile boyan\u0131rlar. Standart boyama bir astar, iki kat son boyadan olu\u015fur. Toplam film kal\u0131nl\u0131\u011f\u0131 105p&#8217;dan az de\u011fildir. Standart transformat\u00f6r rengi \u00e7imento grisi olarak adland\u0131nlan RAL7033&#8217;dir. M\u00fc\u015fteri iste\u011fine g\u00f6re farkl\u0131 yap\u0131larda (\u00e7inko kaplama gibi), farkl\u0131 kal\u0131nl\u0131klarda ve farkl\u0131 renk kodlar\u0131nda boya yapmak m\u00fcmk\u00fcnd\u00fcr. &nbsp;<\/p>","protected":false},"author":2,"featured_media":0,"parent":0,"menu_order":0,"comment_status":"closed","ping_status":"closed","template":"","meta":{"_joinchat":[],"footnotes":""},"class_list":["post-3244","page","type-page","status-publish","hentry"],"yoast_head":"<!-- This site is optimized with the Yoast SEO plugin v26.5 - https:\/\/yoast.com\/wordpress\/plugins\/seo\/ -->\n<title>Boyama - Electra Transformer - Konya<\/title>\n<meta name=\"robots\" content=\"index, follow, max-snippet:-1, max-image-preview:large, max-video-preview:-1\" \/>\n<link rel=\"canonical\" href=\"https:\/\/www.electratransformers.com\/en\/boyama\/\" \/>\n<meta property=\"og:locale\" content=\"en_US\" \/>\n<meta property=\"og:type\" content=\"article\" \/>\n<meta property=\"og:title\" content=\"Boyama - Electra Transformer - Konya\" \/>\n<meta property=\"og:description\" content=\"\u0130malat\u0131 tamamlanan kazanlar sprey y\u00f6ntemi ile boyan\u0131rlar. Standart boyama bir astar, iki kat son boyadan olu\u015fur. Toplam film kal\u0131nl\u0131\u011f\u0131 105p&#8217;dan az de\u011fildir. Standart transformat\u00f6r rengi \u00e7imento grisi olarak adland\u0131nlan RAL7033&#8217;dir. M\u00fc\u015fteri iste\u011fine g\u00f6re farkl\u0131 yap\u0131larda (\u00e7inko kaplama gibi), farkl\u0131 kal\u0131nl\u0131klarda ve farkl\u0131 renk kodlar\u0131nda boya yapmak m\u00fcmk\u00fcnd\u00fcr. &nbsp;\" \/>\n<meta property=\"og:url\" content=\"https:\/\/www.electratransformers.com\/en\/boyama\/\" \/>\n<meta property=\"og:site_name\" content=\"Electra Transformer - Konya\" \/>\n<meta property=\"article:modified_time\" content=\"2024-08-14T14:42:21+00:00\" \/>\n<meta name=\"twitter:card\" content=\"summary_large_image\" \/>\n<meta name=\"twitter:label1\" content=\"Est. reading time\" \/>\n\t<meta name=\"twitter:data1\" content=\"1 minute\" \/>\n<script type=\"application\/ld+json\" class=\"yoast-schema-graph\">{\"@context\":\"https:\/\/schema.org\",\"@graph\":[{\"@type\":\"WebPage\",\"@id\":\"https:\/\/www.electratransformers.com\/boyama\/\",\"url\":\"https:\/\/www.electratransformers.com\/boyama\/\",\"name\":\"Boyama - Electra Transformer - Konya\",\"isPartOf\":{\"@id\":\"https:\/\/www.electratransformers.com\/#website\"},\"datePublished\":\"2023-04-06T11:05:57+00:00\",\"dateModified\":\"2024-08-14T14:42:21+00:00\",\"breadcrumb\":{\"@id\":\"https:\/\/www.electratransformers.com\/boyama\/#breadcrumb\"},\"inLanguage\":\"en-US\",\"potentialAction\":[{\"@type\":\"ReadAction\",\"target\":[\"https:\/\/www.electratransformers.com\/boyama\/\"]}]},{\"@type\":\"BreadcrumbList\",\"@id\":\"https:\/\/www.electratransformers.com\/boyama\/#breadcrumb\",\"itemListElement\":[{\"@type\":\"ListItem\",\"position\":1,\"name\":\"Home\",\"item\":\"https:\/\/www.electratransformers.com\/\"},{\"@type\":\"ListItem\",\"position\":2,\"name\":\"Boyama\"}]},{\"@type\":\"WebSite\",\"@id\":\"https:\/\/www.electratransformers.com\/#website\",\"url\":\"https:\/\/www.electratransformers.com\/\",\"name\":\"Electra Transformer - Konya\",\"description\":\"\",\"potentialAction\":[{\"@type\":\"SearchAction\",\"target\":{\"@type\":\"EntryPoint\",\"urlTemplate\":\"https:\/\/www.electratransformers.com\/?s={search_term_string}\"},\"query-input\":{\"@type\":\"PropertyValueSpecification\",\"valueRequired\":true,\"valueName\":\"search_term_string\"}}],\"inLanguage\":\"en-US\"}]}<\/script>\n<!-- \/ Yoast SEO plugin. -->","yoast_head_json":{"title":"Boyama - Electra Transformer - Konya","robots":{"index":"index","follow":"follow","max-snippet":"max-snippet:-1","max-image-preview":"max-image-preview:large","max-video-preview":"max-video-preview:-1"},"canonical":"https:\/\/www.electratransformers.com\/en\/boyama\/","og_locale":"en_US","og_type":"article","og_title":"Boyama - Electra Transformer - Konya","og_description":"\u0130malat\u0131 tamamlanan kazanlar sprey y\u00f6ntemi ile boyan\u0131rlar. Standart boyama bir astar, iki kat son boyadan olu\u015fur. Toplam film kal\u0131nl\u0131\u011f\u0131 105p&#8217;dan az de\u011fildir. Standart transformat\u00f6r rengi \u00e7imento grisi olarak adland\u0131nlan RAL7033&#8217;dir. M\u00fc\u015fteri iste\u011fine g\u00f6re farkl\u0131 yap\u0131larda (\u00e7inko kaplama gibi), farkl\u0131 kal\u0131nl\u0131klarda ve farkl\u0131 renk kodlar\u0131nda boya yapmak m\u00fcmk\u00fcnd\u00fcr. &nbsp;","og_url":"https:\/\/www.electratransformers.com\/en\/boyama\/","og_site_name":"Electra Transformer - Konya","article_modified_time":"2024-08-14T14:42:21+00:00","twitter_card":"summary_large_image","twitter_misc":{"Est. reading time":"1 minute"},"schema":{"@context":"https:\/\/schema.org","@graph":[{"@type":"WebPage","@id":"https:\/\/www.electratransformers.com\/boyama\/","url":"https:\/\/www.electratransformers.com\/boyama\/","name":"Boyama - Electra Transformer - Konya","isPartOf":{"@id":"https:\/\/www.electratransformers.com\/#website"},"datePublished":"2023-04-06T11:05:57+00:00","dateModified":"2024-08-14T14:42:21+00:00","breadcrumb":{"@id":"https:\/\/www.electratransformers.com\/boyama\/#breadcrumb"},"inLanguage":"en-US","potentialAction":[{"@type":"ReadAction","target":["https:\/\/www.electratransformers.com\/boyama\/"]}]},{"@type":"BreadcrumbList","@id":"https:\/\/www.electratransformers.com\/boyama\/#breadcrumb","itemListElement":[{"@type":"ListItem","position":1,"name":"Home","item":"https:\/\/www.electratransformers.com\/"},{"@type":"ListItem","position":2,"name":"Boyama"}]},{"@type":"WebSite","@id":"https:\/\/www.electratransformers.com\/#website","url":"https:\/\/www.electratransformers.com\/","name":"Electra Transformer - Konya","description":"","potentialAction":[{"@type":"SearchAction","target":{"@type":"EntryPoint","urlTemplate":"https:\/\/www.electratransformers.com\/?s={search_term_string}"},"query-input":{"@type":"PropertyValueSpecification","valueRequired":true,"valueName":"search_term_string"}}],"inLanguage":"en-US"}]}},"_links":{"self":[{"href":"https:\/\/www.electratransformers.com\/en\/wp-json\/wp\/v2\/pages\/3244","targetHints":{"allow":["GET"]}}],"collection":[{"href":"https:\/\/www.electratransformers.com\/en\/wp-json\/wp\/v2\/pages"}],"about":[{"href":"https:\/\/www.electratransformers.com\/en\/wp-json\/wp\/v2\/types\/page"}],"author":[{"embeddable":true,"href":"https:\/\/www.electratransformers.com\/en\/wp-json\/wp\/v2\/users\/2"}],"replies":[{"embeddable":true,"href":"https:\/\/www.electratransformers.com\/en\/wp-json\/wp\/v2\/comments?post=3244"}],"version-history":[{"count":0,"href":"https:\/\/www.electratransformers.com\/en\/wp-json\/wp\/v2\/pages\/3244\/revisions"}],"wp:attachment":[{"href":"https:\/\/www.electratransformers.com\/en\/wp-json\/wp\/v2\/media?parent=3244"}],"curies":[{"name":"wp","href":"https:\/\/api.w.org\/{rel}","templated":true}]}}