{"id":3241,"date":"2023-04-06T14:03:30","date_gmt":"2023-04-06T11:03:30","guid":{"rendered":"https:\/\/www.electratransformers.com\/?page_id=3241"},"modified":"2024-08-14T22:07:33","modified_gmt":"2024-08-14T19:07:33","slug":"kurutma-ve-yag-doldurma","status":"publish","type":"page","link":"https:\/\/www.electratransformers.com\/en\/kurutma-ve-yag-doldurma\/","title":{"rendered":"Drying and Oil Filling"},"content":{"rendered":"<p><img decoding=\"async\" class=\"wp-image-4817 alignright\" src=\"https:\/\/www.electratransformers.com\/wp-content\/uploads\/2024\/08\/kurutma-500x402.jpg\" alt=\"\" width=\"224\" height=\"180\" srcset=\"https:\/\/www.electratransformers.com\/wp-content\/uploads\/2024\/08\/kurutma-500x402.jpg 500w, https:\/\/www.electratransformers.com\/wp-content\/uploads\/2024\/08\/kurutma-768x618.jpg 768w, https:\/\/www.electratransformers.com\/wp-content\/uploads\/2024\/08\/kurutma.jpg 1024w\" sizes=\"(max-width: 224px) 100vw, 224px\" \/>Transformers, whose active part assembly is completed, are dried in drying ovens at 120 degrees and then placed in tanks and filled with oil in the vacuum chamber.<\/p>\n<p>In the vacuum chamber, the air remaining in the transformer tank is sucked and the insulation oil is fully penetrated into the active part. The filled oil provides insulation and cooling.<\/p>\n<p>&nbsp;<\/p>\n<p>&nbsp;<\/p>\n<p>&nbsp;<\/p>","protected":false},"excerpt":{"rendered":"<p>Aktif k\u0131s\u0131m montaj\u0131 bitirilen transformat\u00f6rler 120 derece s\u0131cakl\u0131kta kurutma f\u0131r\u0131nlar\u0131nda kurutulduktan sonra tanka yerle\u015ftirilir ve vakum odas\u0131nda ya\u011f doldurulur. Vakum odas\u0131nda transformat\u00f6r\u00fcn kazan\u0131n\u0131n i\u00e7inde kalm\u0131\u015f olan hava emilir ve izolasyon ya\u011f\u0131n\u0131n aktif k\u0131sm\u0131na tam olarak n\u00fcfus etmesi sa\u011flan\u0131r. Doldurulan ya\u011f yal\u0131t\u0131m ve so\u011futmay\u0131 sa\u011flar. &nbsp; &nbsp; &nbsp;<\/p>","protected":false},"author":2,"featured_media":0,"parent":0,"menu_order":0,"comment_status":"closed","ping_status":"closed","template":"","meta":{"_joinchat":[],"footnotes":""},"class_list":["post-3241","page","type-page","status-publish","hentry"],"yoast_head":"<!-- This site is optimized with the Yoast SEO plugin v26.5 - https:\/\/yoast.com\/wordpress\/plugins\/seo\/ -->\n<title>Kurutma ve Ya\u011f Doldurma - Electra Transformer - Konya<\/title>\n<meta name=\"robots\" content=\"index, follow, max-snippet:-1, max-image-preview:large, max-video-preview:-1\" \/>\n<link rel=\"canonical\" href=\"https:\/\/www.electratransformers.com\/en\/kurutma-ve-yag-doldurma\/\" \/>\n<meta property=\"og:locale\" content=\"en_US\" \/>\n<meta property=\"og:type\" content=\"article\" \/>\n<meta property=\"og:title\" content=\"Kurutma ve Ya\u011f Doldurma - Electra Transformer - Konya\" \/>\n<meta property=\"og:description\" content=\"Aktif k\u0131s\u0131m montaj\u0131 bitirilen transformat\u00f6rler 120 derece s\u0131cakl\u0131kta kurutma f\u0131r\u0131nlar\u0131nda kurutulduktan sonra tanka yerle\u015ftirilir ve vakum odas\u0131nda ya\u011f doldurulur. Vakum odas\u0131nda transformat\u00f6r\u00fcn kazan\u0131n\u0131n i\u00e7inde kalm\u0131\u015f olan hava emilir ve izolasyon ya\u011f\u0131n\u0131n aktif k\u0131sm\u0131na tam olarak n\u00fcfus etmesi sa\u011flan\u0131r. Doldurulan ya\u011f yal\u0131t\u0131m ve so\u011futmay\u0131 sa\u011flar. &nbsp; &nbsp; &nbsp;\" \/>\n<meta property=\"og:url\" content=\"https:\/\/www.electratransformers.com\/en\/kurutma-ve-yag-doldurma\/\" \/>\n<meta property=\"og:site_name\" content=\"Electra Transformer - Konya\" \/>\n<meta property=\"article:modified_time\" content=\"2024-08-14T19:07:33+00:00\" \/>\n<meta property=\"og:image\" content=\"https:\/\/www.electratransformers.com\/wp-content\/uploads\/2024\/08\/kurutma-500x402.jpg\" \/>\n<meta name=\"twitter:card\" content=\"summary_large_image\" \/>\n<meta name=\"twitter:label1\" content=\"Est. reading time\" \/>\n\t<meta name=\"twitter:data1\" content=\"1 minute\" \/>\n<script type=\"application\/ld+json\" class=\"yoast-schema-graph\">{\"@context\":\"https:\/\/schema.org\",\"@graph\":[{\"@type\":\"WebPage\",\"@id\":\"https:\/\/www.electratransformers.com\/kurutma-ve-yag-doldurma\/\",\"url\":\"https:\/\/www.electratransformers.com\/kurutma-ve-yag-doldurma\/\",\"name\":\"Kurutma ve Ya\u011f Doldurma - Electra Transformer - Konya\",\"isPartOf\":{\"@id\":\"https:\/\/www.electratransformers.com\/#website\"},\"primaryImageOfPage\":{\"@id\":\"https:\/\/www.electratransformers.com\/kurutma-ve-yag-doldurma\/#primaryimage\"},\"image\":{\"@id\":\"https:\/\/www.electratransformers.com\/kurutma-ve-yag-doldurma\/#primaryimage\"},\"thumbnailUrl\":\"https:\/\/www.electratransformers.com\/wp-content\/uploads\/2024\/08\/kurutma-500x402.jpg\",\"datePublished\":\"2023-04-06T11:03:30+00:00\",\"dateModified\":\"2024-08-14T19:07:33+00:00\",\"breadcrumb\":{\"@id\":\"https:\/\/www.electratransformers.com\/kurutma-ve-yag-doldurma\/#breadcrumb\"},\"inLanguage\":\"en-US\",\"potentialAction\":[{\"@type\":\"ReadAction\",\"target\":[\"https:\/\/www.electratransformers.com\/kurutma-ve-yag-doldurma\/\"]}]},{\"@type\":\"ImageObject\",\"inLanguage\":\"en-US\",\"@id\":\"https:\/\/www.electratransformers.com\/kurutma-ve-yag-doldurma\/#primaryimage\",\"url\":\"https:\/\/www.electratransformers.com\/wp-content\/uploads\/2024\/08\/kurutma-500x402.jpg\",\"contentUrl\":\"https:\/\/www.electratransformers.com\/wp-content\/uploads\/2024\/08\/kurutma-500x402.jpg\"},{\"@type\":\"BreadcrumbList\",\"@id\":\"https:\/\/www.electratransformers.com\/kurutma-ve-yag-doldurma\/#breadcrumb\",\"itemListElement\":[{\"@type\":\"ListItem\",\"position\":1,\"name\":\"Home\",\"item\":\"https:\/\/www.electratransformers.com\/\"},{\"@type\":\"ListItem\",\"position\":2,\"name\":\"Kurutma ve Ya\u011f Doldurma\"}]},{\"@type\":\"WebSite\",\"@id\":\"https:\/\/www.electratransformers.com\/#website\",\"url\":\"https:\/\/www.electratransformers.com\/\",\"name\":\"Electra Transformer - Konya\",\"description\":\"\",\"potentialAction\":[{\"@type\":\"SearchAction\",\"target\":{\"@type\":\"EntryPoint\",\"urlTemplate\":\"https:\/\/www.electratransformers.com\/?s={search_term_string}\"},\"query-input\":{\"@type\":\"PropertyValueSpecification\",\"valueRequired\":true,\"valueName\":\"search_term_string\"}}],\"inLanguage\":\"en-US\"}]}<\/script>\n<!-- \/ Yoast SEO plugin. -->","yoast_head_json":{"title":"Kurutma ve Ya\u011f Doldurma - Electra Transformer - Konya","robots":{"index":"index","follow":"follow","max-snippet":"max-snippet:-1","max-image-preview":"max-image-preview:large","max-video-preview":"max-video-preview:-1"},"canonical":"https:\/\/www.electratransformers.com\/en\/kurutma-ve-yag-doldurma\/","og_locale":"en_US","og_type":"article","og_title":"Kurutma ve Ya\u011f Doldurma - Electra Transformer - Konya","og_description":"Aktif k\u0131s\u0131m montaj\u0131 bitirilen transformat\u00f6rler 120 derece s\u0131cakl\u0131kta kurutma f\u0131r\u0131nlar\u0131nda kurutulduktan sonra tanka yerle\u015ftirilir ve vakum odas\u0131nda ya\u011f doldurulur. Vakum odas\u0131nda transformat\u00f6r\u00fcn kazan\u0131n\u0131n i\u00e7inde kalm\u0131\u015f olan hava emilir ve izolasyon ya\u011f\u0131n\u0131n aktif k\u0131sm\u0131na tam olarak n\u00fcfus etmesi sa\u011flan\u0131r. Doldurulan ya\u011f yal\u0131t\u0131m ve so\u011futmay\u0131 sa\u011flar. &nbsp; &nbsp; &nbsp;","og_url":"https:\/\/www.electratransformers.com\/en\/kurutma-ve-yag-doldurma\/","og_site_name":"Electra Transformer - Konya","article_modified_time":"2024-08-14T19:07:33+00:00","og_image":[{"url":"https:\/\/www.electratransformers.com\/wp-content\/uploads\/2024\/08\/kurutma-500x402.jpg","type":"","width":"","height":""}],"twitter_card":"summary_large_image","twitter_misc":{"Est. reading time":"1 minute"},"schema":{"@context":"https:\/\/schema.org","@graph":[{"@type":"WebPage","@id":"https:\/\/www.electratransformers.com\/kurutma-ve-yag-doldurma\/","url":"https:\/\/www.electratransformers.com\/kurutma-ve-yag-doldurma\/","name":"Kurutma ve Ya\u011f Doldurma - Electra Transformer - Konya","isPartOf":{"@id":"https:\/\/www.electratransformers.com\/#website"},"primaryImageOfPage":{"@id":"https:\/\/www.electratransformers.com\/kurutma-ve-yag-doldurma\/#primaryimage"},"image":{"@id":"https:\/\/www.electratransformers.com\/kurutma-ve-yag-doldurma\/#primaryimage"},"thumbnailUrl":"https:\/\/www.electratransformers.com\/wp-content\/uploads\/2024\/08\/kurutma-500x402.jpg","datePublished":"2023-04-06T11:03:30+00:00","dateModified":"2024-08-14T19:07:33+00:00","breadcrumb":{"@id":"https:\/\/www.electratransformers.com\/kurutma-ve-yag-doldurma\/#breadcrumb"},"inLanguage":"en-US","potentialAction":[{"@type":"ReadAction","target":["https:\/\/www.electratransformers.com\/kurutma-ve-yag-doldurma\/"]}]},{"@type":"ImageObject","inLanguage":"en-US","@id":"https:\/\/www.electratransformers.com\/kurutma-ve-yag-doldurma\/#primaryimage","url":"https:\/\/www.electratransformers.com\/wp-content\/uploads\/2024\/08\/kurutma-500x402.jpg","contentUrl":"https:\/\/www.electratransformers.com\/wp-content\/uploads\/2024\/08\/kurutma-500x402.jpg"},{"@type":"BreadcrumbList","@id":"https:\/\/www.electratransformers.com\/kurutma-ve-yag-doldurma\/#breadcrumb","itemListElement":[{"@type":"ListItem","position":1,"name":"Home","item":"https:\/\/www.electratransformers.com\/"},{"@type":"ListItem","position":2,"name":"Kurutma ve Ya\u011f Doldurma"}]},{"@type":"WebSite","@id":"https:\/\/www.electratransformers.com\/#website","url":"https:\/\/www.electratransformers.com\/","name":"Electra Transformer - Konya","description":"","potentialAction":[{"@type":"SearchAction","target":{"@type":"EntryPoint","urlTemplate":"https:\/\/www.electratransformers.com\/?s={search_term_string}"},"query-input":{"@type":"PropertyValueSpecification","valueRequired":true,"valueName":"search_term_string"}}],"inLanguage":"en-US"}]}},"_links":{"self":[{"href":"https:\/\/www.electratransformers.com\/en\/wp-json\/wp\/v2\/pages\/3241","targetHints":{"allow":["GET"]}}],"collection":[{"href":"https:\/\/www.electratransformers.com\/en\/wp-json\/wp\/v2\/pages"}],"about":[{"href":"https:\/\/www.electratransformers.com\/en\/wp-json\/wp\/v2\/types\/page"}],"author":[{"embeddable":true,"href":"https:\/\/www.electratransformers.com\/en\/wp-json\/wp\/v2\/users\/2"}],"replies":[{"embeddable":true,"href":"https:\/\/www.electratransformers.com\/en\/wp-json\/wp\/v2\/comments?post=3241"}],"version-history":[{"count":0,"href":"https:\/\/www.electratransformers.com\/en\/wp-json\/wp\/v2\/pages\/3241\/revisions"}],"wp:attachment":[{"href":"https:\/\/www.electratransformers.com\/en\/wp-json\/wp\/v2\/media?parent=3241"}],"curies":[{"name":"wp","href":"https:\/\/api.w.org\/{rel}","templated":true}]}}