{"id":3237,"date":"2023-04-06T14:01:07","date_gmt":"2023-04-06T11:01:07","guid":{"rendered":"https:\/\/www.electratransformers.com\/?page_id=3237"},"modified":"2024-08-14T22:04:46","modified_gmt":"2024-08-14T19:04:46","slug":"kazan","status":"publish","type":"page","link":"https:\/\/www.electratransformers.com\/en\/kazan\/","title":{"rendered":"Boiler"},"content":{"rendered":"<p>It is used for the protection of cooling and insulation material in oil type transformers. Depending on the cooling surfaces, transformers up to 3150 KVA are manufactured with corrugated walls, and transformers with larger powers are manufactured with radiator tanks.<\/p>\n<p>A CNC controlled plasma machine is used in boiler manufacturing. Boilers that have completed assembly and welding are subjected to a leakage test under pressure according to IEC standards. The vacuum resistance of corrugated wall boilers is designed to be 0.65 bar, and radiator boilers to be 1 bar. Boilers that have completed their manufacturing are subjected to sandblasting according to customer demand. The boiler cover is designed to remove the winding ends.<\/p>\n<p>There are insulators, phase marking, lifting lugs for lifting the active part, thermometer pocket, grounding bush and additional equipment on the cover.<\/p>\n<p>&nbsp;<\/p>\n<p>&nbsp;<\/p>","protected":false},"excerpt":{"rendered":"<p>Ya\u011fl\u0131 tip transformat\u00f6rlerde so\u011futma ve yal\u0131t\u0131m maddesinin muhafazas\u0131 i\u00e7in kullan\u0131l\u0131r. So\u011futma y\u00fczeylerine ba\u011fl\u0131 olarak 3150 KVA&#8217; a kadar olan transformat\u00f6rler dalga duvarl\u0131, daha b\u00fcy\u00fck g\u00fc\u00e7lerdeki transformat\u00f6rlerde radyat\u00f6rl\u00fc kazan olarak imal edilmektedirler. Kazan imalat\u0131nda CNC kontroll\u00fc plazma makinesi kullan\u0131lmaktad\u0131r. Montaj\u0131 ve kaynak i\u015fleri bitmi\u015f olan kazanlar, IEC standartlar\u0131na g\u00f6re bas\u0131n\u00e7 alt\u0131nda s\u0131zd\u0131rmazl\u0131k testine tabi tutulur. Dalga [&hellip;]<\/p>","protected":false},"author":2,"featured_media":0,"parent":0,"menu_order":0,"comment_status":"closed","ping_status":"closed","template":"","meta":{"_joinchat":[],"footnotes":""},"class_list":["post-3237","page","type-page","status-publish","hentry"],"yoast_head":"<!-- This site is optimized with the Yoast SEO plugin v26.5 - https:\/\/yoast.com\/wordpress\/plugins\/seo\/ -->\n<title>Kazan - Electra Transformer - Konya<\/title>\n<meta name=\"robots\" content=\"index, follow, max-snippet:-1, max-image-preview:large, max-video-preview:-1\" \/>\n<link rel=\"canonical\" href=\"https:\/\/www.electratransformers.com\/en\/kazan\/\" \/>\n<meta property=\"og:locale\" content=\"en_US\" \/>\n<meta property=\"og:type\" content=\"article\" \/>\n<meta property=\"og:title\" content=\"Kazan - Electra Transformer - Konya\" \/>\n<meta property=\"og:description\" content=\"Ya\u011fl\u0131 tip transformat\u00f6rlerde so\u011futma ve yal\u0131t\u0131m maddesinin muhafazas\u0131 i\u00e7in kullan\u0131l\u0131r. So\u011futma y\u00fczeylerine ba\u011fl\u0131 olarak 3150 KVA&#8217; a kadar olan transformat\u00f6rler dalga duvarl\u0131, daha b\u00fcy\u00fck g\u00fc\u00e7lerdeki transformat\u00f6rlerde radyat\u00f6rl\u00fc kazan olarak imal edilmektedirler. Kazan imalat\u0131nda CNC kontroll\u00fc plazma makinesi kullan\u0131lmaktad\u0131r. Montaj\u0131 ve kaynak i\u015fleri bitmi\u015f olan kazanlar, IEC standartlar\u0131na g\u00f6re bas\u0131n\u00e7 alt\u0131nda s\u0131zd\u0131rmazl\u0131k testine tabi tutulur. Dalga [&hellip;]\" \/>\n<meta property=\"og:url\" content=\"https:\/\/www.electratransformers.com\/en\/kazan\/\" \/>\n<meta property=\"og:site_name\" content=\"Electra Transformer - Konya\" \/>\n<meta property=\"article:modified_time\" content=\"2024-08-14T19:04:46+00:00\" \/>\n<meta name=\"twitter:card\" content=\"summary_large_image\" \/>\n<meta name=\"twitter:label1\" content=\"Est. reading time\" \/>\n\t<meta name=\"twitter:data1\" content=\"1 minute\" \/>\n<script type=\"application\/ld+json\" class=\"yoast-schema-graph\">{\"@context\":\"https:\/\/schema.org\",\"@graph\":[{\"@type\":\"WebPage\",\"@id\":\"https:\/\/www.electratransformers.com\/kazan\/\",\"url\":\"https:\/\/www.electratransformers.com\/kazan\/\",\"name\":\"Kazan - Electra Transformer - Konya\",\"isPartOf\":{\"@id\":\"https:\/\/www.electratransformers.com\/#website\"},\"datePublished\":\"2023-04-06T11:01:07+00:00\",\"dateModified\":\"2024-08-14T19:04:46+00:00\",\"breadcrumb\":{\"@id\":\"https:\/\/www.electratransformers.com\/kazan\/#breadcrumb\"},\"inLanguage\":\"en-US\",\"potentialAction\":[{\"@type\":\"ReadAction\",\"target\":[\"https:\/\/www.electratransformers.com\/kazan\/\"]}]},{\"@type\":\"BreadcrumbList\",\"@id\":\"https:\/\/www.electratransformers.com\/kazan\/#breadcrumb\",\"itemListElement\":[{\"@type\":\"ListItem\",\"position\":1,\"name\":\"Home\",\"item\":\"https:\/\/www.electratransformers.com\/\"},{\"@type\":\"ListItem\",\"position\":2,\"name\":\"Kazan\"}]},{\"@type\":\"WebSite\",\"@id\":\"https:\/\/www.electratransformers.com\/#website\",\"url\":\"https:\/\/www.electratransformers.com\/\",\"name\":\"Electra Transformer - Konya\",\"description\":\"\",\"potentialAction\":[{\"@type\":\"SearchAction\",\"target\":{\"@type\":\"EntryPoint\",\"urlTemplate\":\"https:\/\/www.electratransformers.com\/?s={search_term_string}\"},\"query-input\":{\"@type\":\"PropertyValueSpecification\",\"valueRequired\":true,\"valueName\":\"search_term_string\"}}],\"inLanguage\":\"en-US\"}]}<\/script>\n<!-- \/ Yoast SEO plugin. -->","yoast_head_json":{"title":"Kazan - Electra Transformer - Konya","robots":{"index":"index","follow":"follow","max-snippet":"max-snippet:-1","max-image-preview":"max-image-preview:large","max-video-preview":"max-video-preview:-1"},"canonical":"https:\/\/www.electratransformers.com\/en\/kazan\/","og_locale":"en_US","og_type":"article","og_title":"Kazan - Electra Transformer - Konya","og_description":"Ya\u011fl\u0131 tip transformat\u00f6rlerde so\u011futma ve yal\u0131t\u0131m maddesinin muhafazas\u0131 i\u00e7in kullan\u0131l\u0131r. So\u011futma y\u00fczeylerine ba\u011fl\u0131 olarak 3150 KVA&#8217; a kadar olan transformat\u00f6rler dalga duvarl\u0131, daha b\u00fcy\u00fck g\u00fc\u00e7lerdeki transformat\u00f6rlerde radyat\u00f6rl\u00fc kazan olarak imal edilmektedirler. Kazan imalat\u0131nda CNC kontroll\u00fc plazma makinesi kullan\u0131lmaktad\u0131r. Montaj\u0131 ve kaynak i\u015fleri bitmi\u015f olan kazanlar, IEC standartlar\u0131na g\u00f6re bas\u0131n\u00e7 alt\u0131nda s\u0131zd\u0131rmazl\u0131k testine tabi tutulur. Dalga [&hellip;]","og_url":"https:\/\/www.electratransformers.com\/en\/kazan\/","og_site_name":"Electra Transformer - Konya","article_modified_time":"2024-08-14T19:04:46+00:00","twitter_card":"summary_large_image","twitter_misc":{"Est. reading time":"1 minute"},"schema":{"@context":"https:\/\/schema.org","@graph":[{"@type":"WebPage","@id":"https:\/\/www.electratransformers.com\/kazan\/","url":"https:\/\/www.electratransformers.com\/kazan\/","name":"Kazan - Electra Transformer - Konya","isPartOf":{"@id":"https:\/\/www.electratransformers.com\/#website"},"datePublished":"2023-04-06T11:01:07+00:00","dateModified":"2024-08-14T19:04:46+00:00","breadcrumb":{"@id":"https:\/\/www.electratransformers.com\/kazan\/#breadcrumb"},"inLanguage":"en-US","potentialAction":[{"@type":"ReadAction","target":["https:\/\/www.electratransformers.com\/kazan\/"]}]},{"@type":"BreadcrumbList","@id":"https:\/\/www.electratransformers.com\/kazan\/#breadcrumb","itemListElement":[{"@type":"ListItem","position":1,"name":"Home","item":"https:\/\/www.electratransformers.com\/"},{"@type":"ListItem","position":2,"name":"Kazan"}]},{"@type":"WebSite","@id":"https:\/\/www.electratransformers.com\/#website","url":"https:\/\/www.electratransformers.com\/","name":"Electra Transformer - Konya","description":"","potentialAction":[{"@type":"SearchAction","target":{"@type":"EntryPoint","urlTemplate":"https:\/\/www.electratransformers.com\/?s={search_term_string}"},"query-input":{"@type":"PropertyValueSpecification","valueRequired":true,"valueName":"search_term_string"}}],"inLanguage":"en-US"}]}},"_links":{"self":[{"href":"https:\/\/www.electratransformers.com\/en\/wp-json\/wp\/v2\/pages\/3237","targetHints":{"allow":["GET"]}}],"collection":[{"href":"https:\/\/www.electratransformers.com\/en\/wp-json\/wp\/v2\/pages"}],"about":[{"href":"https:\/\/www.electratransformers.com\/en\/wp-json\/wp\/v2\/types\/page"}],"author":[{"embeddable":true,"href":"https:\/\/www.electratransformers.com\/en\/wp-json\/wp\/v2\/users\/2"}],"replies":[{"embeddable":true,"href":"https:\/\/www.electratransformers.com\/en\/wp-json\/wp\/v2\/comments?post=3237"}],"version-history":[{"count":0,"href":"https:\/\/www.electratransformers.com\/en\/wp-json\/wp\/v2\/pages\/3237\/revisions"}],"wp:attachment":[{"href":"https:\/\/www.electratransformers.com\/en\/wp-json\/wp\/v2\/media?parent=3237"}],"curies":[{"name":"wp","href":"https:\/\/api.w.org\/{rel}","templated":true}]}}