{"id":3234,"date":"2023-04-06T13:49:30","date_gmt":"2023-04-06T10:49:30","guid":{"rendered":"https:\/\/www.electratransformers.com\/?page_id=3234"},"modified":"2024-08-14T22:03:04","modified_gmt":"2024-08-14T19:03:04","slug":"aktif-kisim","status":"publish","type":"page","link":"https:\/\/www.electratransformers.com\/en\/aktif-kisim\/","title":{"rendered":"Active Part"},"content":{"rendered":"<p><img fetchpriority=\"high\" decoding=\"async\" class=\"wp-image-4799 alignright\" src=\"https:\/\/www.electratransformers.com\/wp-content\/uploads\/2024\/08\/aktf-kkisim-500x312.jpg\" alt=\"\" width=\"346\" height=\"216\" srcset=\"https:\/\/www.electratransformers.com\/wp-content\/uploads\/2024\/08\/aktf-kkisim-500x312.jpg 500w, https:\/\/www.electratransformers.com\/wp-content\/uploads\/2024\/08\/aktf-kkisim.jpg 691w\" sizes=\"(max-width: 346px) 100vw, 346px\" \/>In order to form the active part of the transformer with ready core and coils, the coils are mounted by being compressed against the core and each other by means of slats in order to carry radial forces and the upper yoke is arranged. At the same time, the coils are equipped with a protection system against axial forces. The necessary welding and connections of the adjustment ends going to the commutator or step switch are made with silver electrodes and the active part is made ready for the furnace.<\/p>\n<p>&nbsp;<\/p>\n<p>Active parts are dried in ovens using the air circulation method to remove moisture from solid insulation materials, within a program based on the transformer&#039;s power and voltage.<\/p>\n<p>&nbsp;<\/p>\n<p>1) LV Isolator<\/p>\n<p>2) HV isolator<\/p>\n<p>3) Commutator<\/p>\n<p>4) Crane Connection Ear<\/p>\n<p>5) Yoke 6) Coils<\/p>\n<p>7) Commutator Connection Cables<\/p>","protected":false},"excerpt":{"rendered":"<p>\u00c7ekirdek ve bobinleri haz\u0131r olan transformat\u00f6r\u00fcn aktif k\u0131sm\u0131n\u0131n meydana getirilebilmesi i\u00e7in bobinler radyal kuvvetleri ta\u015f\u0131yabilmek amac\u0131yla \u00e7\u0131talar vas\u0131tas\u0131yla \u00e7ekirde\u011fe ve birbirine kar\u015f\u0131 s\u0131k\u0131\u015ft\u0131r\u0131larak monte edilir ve \u00fcst boyunduruk dizilir. Ayn\u0131 zamanda bobinleri aksiyal kuvvetlere kar\u015f\u0131 koruma d\u00fczeniyle te\u00e7hiz edilir. Kom\u00fctat\u00f6re veya kademe \u015falterine giden ayar u\u00e7lar\u0131n\u0131n gerekli kaynak ve ba\u011flant\u0131lar\u0131 g\u00fcm\u00fc\u015f elektrotlarla yap\u0131larak aktif k\u0131s\u0131m [&hellip;]<\/p>","protected":false},"author":2,"featured_media":0,"parent":0,"menu_order":0,"comment_status":"closed","ping_status":"closed","template":"","meta":{"_joinchat":[],"footnotes":""},"class_list":["post-3234","page","type-page","status-publish","hentry"],"yoast_head":"<!-- This site is optimized with the Yoast SEO plugin v26.5 - https:\/\/yoast.com\/wordpress\/plugins\/seo\/ -->\n<title>Aktif K\u0131s\u0131m - Electra Transformer - Konya<\/title>\n<meta name=\"robots\" content=\"index, follow, max-snippet:-1, max-image-preview:large, max-video-preview:-1\" \/>\n<link rel=\"canonical\" href=\"https:\/\/www.electratransformers.com\/en\/aktif-kisim\/\" \/>\n<meta property=\"og:locale\" content=\"en_US\" \/>\n<meta property=\"og:type\" content=\"article\" \/>\n<meta property=\"og:title\" content=\"Aktif K\u0131s\u0131m - Electra Transformer - Konya\" \/>\n<meta property=\"og:description\" content=\"\u00c7ekirdek ve bobinleri haz\u0131r olan transformat\u00f6r\u00fcn aktif k\u0131sm\u0131n\u0131n meydana getirilebilmesi i\u00e7in bobinler radyal kuvvetleri ta\u015f\u0131yabilmek amac\u0131yla \u00e7\u0131talar vas\u0131tas\u0131yla \u00e7ekirde\u011fe ve birbirine kar\u015f\u0131 s\u0131k\u0131\u015ft\u0131r\u0131larak monte edilir ve \u00fcst boyunduruk dizilir. Ayn\u0131 zamanda bobinleri aksiyal kuvvetlere kar\u015f\u0131 koruma d\u00fczeniyle te\u00e7hiz edilir. Kom\u00fctat\u00f6re veya kademe \u015falterine giden ayar u\u00e7lar\u0131n\u0131n gerekli kaynak ve ba\u011flant\u0131lar\u0131 g\u00fcm\u00fc\u015f elektrotlarla yap\u0131larak aktif k\u0131s\u0131m [&hellip;]\" \/>\n<meta property=\"og:url\" content=\"https:\/\/www.electratransformers.com\/en\/aktif-kisim\/\" \/>\n<meta property=\"og:site_name\" content=\"Electra Transformer - Konya\" \/>\n<meta property=\"article:modified_time\" content=\"2024-08-14T19:03:04+00:00\" \/>\n<meta property=\"og:image\" content=\"https:\/\/www.electratransformers.com\/wp-content\/uploads\/2024\/08\/aktf-kkisim-500x312.jpg\" \/>\n<meta name=\"twitter:card\" content=\"summary_large_image\" \/>\n<meta name=\"twitter:label1\" content=\"Est. reading time\" \/>\n\t<meta name=\"twitter:data1\" content=\"1 minute\" \/>\n<script type=\"application\/ld+json\" class=\"yoast-schema-graph\">{\"@context\":\"https:\/\/schema.org\",\"@graph\":[{\"@type\":\"WebPage\",\"@id\":\"https:\/\/www.electratransformers.com\/aktif-kisim\/\",\"url\":\"https:\/\/www.electratransformers.com\/aktif-kisim\/\",\"name\":\"Aktif K\u0131s\u0131m - Electra Transformer - Konya\",\"isPartOf\":{\"@id\":\"https:\/\/www.electratransformers.com\/#website\"},\"primaryImageOfPage\":{\"@id\":\"https:\/\/www.electratransformers.com\/aktif-kisim\/#primaryimage\"},\"image\":{\"@id\":\"https:\/\/www.electratransformers.com\/aktif-kisim\/#primaryimage\"},\"thumbnailUrl\":\"https:\/\/www.electratransformers.com\/wp-content\/uploads\/2024\/08\/aktf-kkisim-500x312.jpg\",\"datePublished\":\"2023-04-06T10:49:30+00:00\",\"dateModified\":\"2024-08-14T19:03:04+00:00\",\"breadcrumb\":{\"@id\":\"https:\/\/www.electratransformers.com\/aktif-kisim\/#breadcrumb\"},\"inLanguage\":\"en-US\",\"potentialAction\":[{\"@type\":\"ReadAction\",\"target\":[\"https:\/\/www.electratransformers.com\/aktif-kisim\/\"]}]},{\"@type\":\"ImageObject\",\"inLanguage\":\"en-US\",\"@id\":\"https:\/\/www.electratransformers.com\/aktif-kisim\/#primaryimage\",\"url\":\"https:\/\/www.electratransformers.com\/wp-content\/uploads\/2024\/08\/aktf-kkisim-500x312.jpg\",\"contentUrl\":\"https:\/\/www.electratransformers.com\/wp-content\/uploads\/2024\/08\/aktf-kkisim-500x312.jpg\"},{\"@type\":\"BreadcrumbList\",\"@id\":\"https:\/\/www.electratransformers.com\/aktif-kisim\/#breadcrumb\",\"itemListElement\":[{\"@type\":\"ListItem\",\"position\":1,\"name\":\"Home\",\"item\":\"https:\/\/www.electratransformers.com\/\"},{\"@type\":\"ListItem\",\"position\":2,\"name\":\"Aktif K\u0131s\u0131m\"}]},{\"@type\":\"WebSite\",\"@id\":\"https:\/\/www.electratransformers.com\/#website\",\"url\":\"https:\/\/www.electratransformers.com\/\",\"name\":\"Electra Transformer - Konya\",\"description\":\"\",\"potentialAction\":[{\"@type\":\"SearchAction\",\"target\":{\"@type\":\"EntryPoint\",\"urlTemplate\":\"https:\/\/www.electratransformers.com\/?s={search_term_string}\"},\"query-input\":{\"@type\":\"PropertyValueSpecification\",\"valueRequired\":true,\"valueName\":\"search_term_string\"}}],\"inLanguage\":\"en-US\"}]}<\/script>\n<!-- \/ Yoast SEO plugin. -->","yoast_head_json":{"title":"Aktif K\u0131s\u0131m - Electra Transformer - Konya","robots":{"index":"index","follow":"follow","max-snippet":"max-snippet:-1","max-image-preview":"max-image-preview:large","max-video-preview":"max-video-preview:-1"},"canonical":"https:\/\/www.electratransformers.com\/en\/aktif-kisim\/","og_locale":"en_US","og_type":"article","og_title":"Aktif K\u0131s\u0131m - Electra Transformer - Konya","og_description":"\u00c7ekirdek ve bobinleri haz\u0131r olan transformat\u00f6r\u00fcn aktif k\u0131sm\u0131n\u0131n meydana getirilebilmesi i\u00e7in bobinler radyal kuvvetleri ta\u015f\u0131yabilmek amac\u0131yla \u00e7\u0131talar vas\u0131tas\u0131yla \u00e7ekirde\u011fe ve birbirine kar\u015f\u0131 s\u0131k\u0131\u015ft\u0131r\u0131larak monte edilir ve \u00fcst boyunduruk dizilir. Ayn\u0131 zamanda bobinleri aksiyal kuvvetlere kar\u015f\u0131 koruma d\u00fczeniyle te\u00e7hiz edilir. Kom\u00fctat\u00f6re veya kademe \u015falterine giden ayar u\u00e7lar\u0131n\u0131n gerekli kaynak ve ba\u011flant\u0131lar\u0131 g\u00fcm\u00fc\u015f elektrotlarla yap\u0131larak aktif k\u0131s\u0131m [&hellip;]","og_url":"https:\/\/www.electratransformers.com\/en\/aktif-kisim\/","og_site_name":"Electra Transformer - Konya","article_modified_time":"2024-08-14T19:03:04+00:00","og_image":[{"url":"https:\/\/www.electratransformers.com\/wp-content\/uploads\/2024\/08\/aktf-kkisim-500x312.jpg","type":"","width":"","height":""}],"twitter_card":"summary_large_image","twitter_misc":{"Est. reading time":"1 minute"},"schema":{"@context":"https:\/\/schema.org","@graph":[{"@type":"WebPage","@id":"https:\/\/www.electratransformers.com\/aktif-kisim\/","url":"https:\/\/www.electratransformers.com\/aktif-kisim\/","name":"Aktif K\u0131s\u0131m - Electra Transformer - Konya","isPartOf":{"@id":"https:\/\/www.electratransformers.com\/#website"},"primaryImageOfPage":{"@id":"https:\/\/www.electratransformers.com\/aktif-kisim\/#primaryimage"},"image":{"@id":"https:\/\/www.electratransformers.com\/aktif-kisim\/#primaryimage"},"thumbnailUrl":"https:\/\/www.electratransformers.com\/wp-content\/uploads\/2024\/08\/aktf-kkisim-500x312.jpg","datePublished":"2023-04-06T10:49:30+00:00","dateModified":"2024-08-14T19:03:04+00:00","breadcrumb":{"@id":"https:\/\/www.electratransformers.com\/aktif-kisim\/#breadcrumb"},"inLanguage":"en-US","potentialAction":[{"@type":"ReadAction","target":["https:\/\/www.electratransformers.com\/aktif-kisim\/"]}]},{"@type":"ImageObject","inLanguage":"en-US","@id":"https:\/\/www.electratransformers.com\/aktif-kisim\/#primaryimage","url":"https:\/\/www.electratransformers.com\/wp-content\/uploads\/2024\/08\/aktf-kkisim-500x312.jpg","contentUrl":"https:\/\/www.electratransformers.com\/wp-content\/uploads\/2024\/08\/aktf-kkisim-500x312.jpg"},{"@type":"BreadcrumbList","@id":"https:\/\/www.electratransformers.com\/aktif-kisim\/#breadcrumb","itemListElement":[{"@type":"ListItem","position":1,"name":"Home","item":"https:\/\/www.electratransformers.com\/"},{"@type":"ListItem","position":2,"name":"Aktif K\u0131s\u0131m"}]},{"@type":"WebSite","@id":"https:\/\/www.electratransformers.com\/#website","url":"https:\/\/www.electratransformers.com\/","name":"Electra Transformer - Konya","description":"","potentialAction":[{"@type":"SearchAction","target":{"@type":"EntryPoint","urlTemplate":"https:\/\/www.electratransformers.com\/?s={search_term_string}"},"query-input":{"@type":"PropertyValueSpecification","valueRequired":true,"valueName":"search_term_string"}}],"inLanguage":"en-US"}]}},"_links":{"self":[{"href":"https:\/\/www.electratransformers.com\/en\/wp-json\/wp\/v2\/pages\/3234","targetHints":{"allow":["GET"]}}],"collection":[{"href":"https:\/\/www.electratransformers.com\/en\/wp-json\/wp\/v2\/pages"}],"about":[{"href":"https:\/\/www.electratransformers.com\/en\/wp-json\/wp\/v2\/types\/page"}],"author":[{"embeddable":true,"href":"https:\/\/www.electratransformers.com\/en\/wp-json\/wp\/v2\/users\/2"}],"replies":[{"embeddable":true,"href":"https:\/\/www.electratransformers.com\/en\/wp-json\/wp\/v2\/comments?post=3234"}],"version-history":[{"count":0,"href":"https:\/\/www.electratransformers.com\/en\/wp-json\/wp\/v2\/pages\/3234\/revisions"}],"wp:attachment":[{"href":"https:\/\/www.electratransformers.com\/en\/wp-json\/wp\/v2\/media?parent=3234"}],"curies":[{"name":"wp","href":"https:\/\/api.w.org\/{rel}","templated":true}]}}