{"id":3231,"date":"2023-04-06T13:43:41","date_gmt":"2023-04-06T10:43:41","guid":{"rendered":"https:\/\/www.electratransformers.com\/?page_id=3231"},"modified":"2024-08-14T22:09:06","modified_gmt":"2024-08-14T19:09:06","slug":"manyetik-devre","status":"publish","type":"page","link":"https:\/\/www.electratransformers.com\/en\/manyetik-devre\/","title":{"rendered":"Magnetic Circuit"},"content":{"rendered":"<p><img decoding=\"async\" class=\"size-full wp-image-4802 alignright\" src=\"https:\/\/www.electratransformers.com\/wp-content\/uploads\/2024\/08\/nuve.jpg\" alt=\"\" width=\"203\" height=\"130\" \/>It is core type and manufactured from 0.30, 0.25 and 0.23 mm thick M5, M4 and M3 silicon alloy sheets with oriented crystals. 45 degree inclined cut sheets are used in the transition areas of the magnetic circuit. All sheets used in the magnetic circuit are cut by CNC controlled cutting machine, stacked and arranged to form the magnetic circuit. Magnetic circuit cutting and arrangement is done with a method called step-lab which minimizes iron losses. The core is arranged with cross and longitudinal step-lab applications.<\/p>\n<p>&nbsp;<\/p>\n<p>Our leg and yoke sections are equal, multi-stage and theoretically round in section.<\/p>\n<p>Noise levels are minimized by compressing the core sheets with steel studs passing through the U profile and yoke insulating pipes.<\/p>","protected":false},"excerpt":{"rendered":"<p>\u00c7ekirdek tipi olup, kristalleri y\u00f6nlendirilmi\u015f 0.30, 0.25 ve 0.23 mm kal\u0131nl\u0131\u011f\u0131nda M5, M4 ve M3 silisyum ala\u015f\u0131ml\u0131 saclardan imal edilmektedir. Manyetik devrenin ge\u00e7i\u015f b\u00f6lgelerinde 45 derece e\u011fik kesimli saclar kullan\u0131lmaktad\u0131r. Manyetik devrede kullan\u0131lan b\u00fct\u00fcn saclar CNC kontroll\u00fc kesme makinesinde kesilerek istiflenmekte ve dizilerek manyetik devre olu\u015fturulmaktad\u0131r. Manyetik devre kesimi ve dizimi, step-lab denilen ve demir [&hellip;]<\/p>","protected":false},"author":2,"featured_media":0,"parent":0,"menu_order":0,"comment_status":"closed","ping_status":"closed","template":"","meta":{"_joinchat":[],"footnotes":""},"class_list":["post-3231","page","type-page","status-publish","hentry"],"yoast_head":"<!-- This site is optimized with the Yoast SEO plugin v26.5 - https:\/\/yoast.com\/wordpress\/plugins\/seo\/ -->\n<title>Manyetik Devre - Electra Transformer - Konya<\/title>\n<meta name=\"robots\" content=\"index, follow, max-snippet:-1, max-image-preview:large, max-video-preview:-1\" \/>\n<link rel=\"canonical\" href=\"https:\/\/www.electratransformers.com\/en\/manyetik-devre\/\" \/>\n<meta property=\"og:locale\" content=\"en_US\" \/>\n<meta property=\"og:type\" content=\"article\" \/>\n<meta property=\"og:title\" content=\"Manyetik Devre - Electra Transformer - Konya\" \/>\n<meta property=\"og:description\" content=\"\u00c7ekirdek tipi olup, kristalleri y\u00f6nlendirilmi\u015f 0.30, 0.25 ve 0.23 mm kal\u0131nl\u0131\u011f\u0131nda M5, M4 ve M3 silisyum ala\u015f\u0131ml\u0131 saclardan imal edilmektedir. Manyetik devrenin ge\u00e7i\u015f b\u00f6lgelerinde 45 derece e\u011fik kesimli saclar kullan\u0131lmaktad\u0131r. Manyetik devrede kullan\u0131lan b\u00fct\u00fcn saclar CNC kontroll\u00fc kesme makinesinde kesilerek istiflenmekte ve dizilerek manyetik devre olu\u015fturulmaktad\u0131r. Manyetik devre kesimi ve dizimi, step-lab denilen ve demir [&hellip;]\" \/>\n<meta property=\"og:url\" content=\"https:\/\/www.electratransformers.com\/en\/manyetik-devre\/\" \/>\n<meta property=\"og:site_name\" content=\"Electra Transformer - Konya\" \/>\n<meta property=\"article:modified_time\" content=\"2024-08-14T19:09:06+00:00\" \/>\n<meta property=\"og:image\" content=\"https:\/\/www.electratransformers.com\/wp-content\/uploads\/2024\/08\/nuve.jpg\" \/>\n<meta name=\"twitter:card\" content=\"summary_large_image\" \/>\n<meta name=\"twitter:label1\" content=\"Est. reading time\" \/>\n\t<meta name=\"twitter:data1\" content=\"1 minute\" \/>\n<script type=\"application\/ld+json\" class=\"yoast-schema-graph\">{\"@context\":\"https:\/\/schema.org\",\"@graph\":[{\"@type\":\"WebPage\",\"@id\":\"https:\/\/www.electratransformers.com\/manyetik-devre\/\",\"url\":\"https:\/\/www.electratransformers.com\/manyetik-devre\/\",\"name\":\"Manyetik Devre - Electra Transformer - Konya\",\"isPartOf\":{\"@id\":\"https:\/\/www.electratransformers.com\/#website\"},\"primaryImageOfPage\":{\"@id\":\"https:\/\/www.electratransformers.com\/manyetik-devre\/#primaryimage\"},\"image\":{\"@id\":\"https:\/\/www.electratransformers.com\/manyetik-devre\/#primaryimage\"},\"thumbnailUrl\":\"https:\/\/www.electratransformers.com\/wp-content\/uploads\/2024\/08\/nuve.jpg\",\"datePublished\":\"2023-04-06T10:43:41+00:00\",\"dateModified\":\"2024-08-14T19:09:06+00:00\",\"breadcrumb\":{\"@id\":\"https:\/\/www.electratransformers.com\/manyetik-devre\/#breadcrumb\"},\"inLanguage\":\"en-US\",\"potentialAction\":[{\"@type\":\"ReadAction\",\"target\":[\"https:\/\/www.electratransformers.com\/manyetik-devre\/\"]}]},{\"@type\":\"ImageObject\",\"inLanguage\":\"en-US\",\"@id\":\"https:\/\/www.electratransformers.com\/manyetik-devre\/#primaryimage\",\"url\":\"https:\/\/www.electratransformers.com\/wp-content\/uploads\/2024\/08\/nuve.jpg\",\"contentUrl\":\"https:\/\/www.electratransformers.com\/wp-content\/uploads\/2024\/08\/nuve.jpg\"},{\"@type\":\"BreadcrumbList\",\"@id\":\"https:\/\/www.electratransformers.com\/manyetik-devre\/#breadcrumb\",\"itemListElement\":[{\"@type\":\"ListItem\",\"position\":1,\"name\":\"Home\",\"item\":\"https:\/\/www.electratransformers.com\/\"},{\"@type\":\"ListItem\",\"position\":2,\"name\":\"Manyetik Devre\"}]},{\"@type\":\"WebSite\",\"@id\":\"https:\/\/www.electratransformers.com\/#website\",\"url\":\"https:\/\/www.electratransformers.com\/\",\"name\":\"Electra Transformer - Konya\",\"description\":\"\",\"potentialAction\":[{\"@type\":\"SearchAction\",\"target\":{\"@type\":\"EntryPoint\",\"urlTemplate\":\"https:\/\/www.electratransformers.com\/?s={search_term_string}\"},\"query-input\":{\"@type\":\"PropertyValueSpecification\",\"valueRequired\":true,\"valueName\":\"search_term_string\"}}],\"inLanguage\":\"en-US\"}]}<\/script>\n<!-- \/ Yoast SEO plugin. -->","yoast_head_json":{"title":"Manyetik Devre - Electra Transformer - Konya","robots":{"index":"index","follow":"follow","max-snippet":"max-snippet:-1","max-image-preview":"max-image-preview:large","max-video-preview":"max-video-preview:-1"},"canonical":"https:\/\/www.electratransformers.com\/en\/manyetik-devre\/","og_locale":"en_US","og_type":"article","og_title":"Manyetik Devre - Electra Transformer - Konya","og_description":"\u00c7ekirdek tipi olup, kristalleri y\u00f6nlendirilmi\u015f 0.30, 0.25 ve 0.23 mm kal\u0131nl\u0131\u011f\u0131nda M5, M4 ve M3 silisyum ala\u015f\u0131ml\u0131 saclardan imal edilmektedir. Manyetik devrenin ge\u00e7i\u015f b\u00f6lgelerinde 45 derece e\u011fik kesimli saclar kullan\u0131lmaktad\u0131r. Manyetik devrede kullan\u0131lan b\u00fct\u00fcn saclar CNC kontroll\u00fc kesme makinesinde kesilerek istiflenmekte ve dizilerek manyetik devre olu\u015fturulmaktad\u0131r. Manyetik devre kesimi ve dizimi, step-lab denilen ve demir [&hellip;]","og_url":"https:\/\/www.electratransformers.com\/en\/manyetik-devre\/","og_site_name":"Electra Transformer - Konya","article_modified_time":"2024-08-14T19:09:06+00:00","og_image":[{"url":"https:\/\/www.electratransformers.com\/wp-content\/uploads\/2024\/08\/nuve.jpg","type":"","width":"","height":""}],"twitter_card":"summary_large_image","twitter_misc":{"Est. reading time":"1 minute"},"schema":{"@context":"https:\/\/schema.org","@graph":[{"@type":"WebPage","@id":"https:\/\/www.electratransformers.com\/manyetik-devre\/","url":"https:\/\/www.electratransformers.com\/manyetik-devre\/","name":"Manyetik Devre - Electra Transformer - Konya","isPartOf":{"@id":"https:\/\/www.electratransformers.com\/#website"},"primaryImageOfPage":{"@id":"https:\/\/www.electratransformers.com\/manyetik-devre\/#primaryimage"},"image":{"@id":"https:\/\/www.electratransformers.com\/manyetik-devre\/#primaryimage"},"thumbnailUrl":"https:\/\/www.electratransformers.com\/wp-content\/uploads\/2024\/08\/nuve.jpg","datePublished":"2023-04-06T10:43:41+00:00","dateModified":"2024-08-14T19:09:06+00:00","breadcrumb":{"@id":"https:\/\/www.electratransformers.com\/manyetik-devre\/#breadcrumb"},"inLanguage":"en-US","potentialAction":[{"@type":"ReadAction","target":["https:\/\/www.electratransformers.com\/manyetik-devre\/"]}]},{"@type":"ImageObject","inLanguage":"en-US","@id":"https:\/\/www.electratransformers.com\/manyetik-devre\/#primaryimage","url":"https:\/\/www.electratransformers.com\/wp-content\/uploads\/2024\/08\/nuve.jpg","contentUrl":"https:\/\/www.electratransformers.com\/wp-content\/uploads\/2024\/08\/nuve.jpg"},{"@type":"BreadcrumbList","@id":"https:\/\/www.electratransformers.com\/manyetik-devre\/#breadcrumb","itemListElement":[{"@type":"ListItem","position":1,"name":"Home","item":"https:\/\/www.electratransformers.com\/"},{"@type":"ListItem","position":2,"name":"Manyetik Devre"}]},{"@type":"WebSite","@id":"https:\/\/www.electratransformers.com\/#website","url":"https:\/\/www.electratransformers.com\/","name":"Electra Transformer - Konya","description":"","potentialAction":[{"@type":"SearchAction","target":{"@type":"EntryPoint","urlTemplate":"https:\/\/www.electratransformers.com\/?s={search_term_string}"},"query-input":{"@type":"PropertyValueSpecification","valueRequired":true,"valueName":"search_term_string"}}],"inLanguage":"en-US"}]}},"_links":{"self":[{"href":"https:\/\/www.electratransformers.com\/en\/wp-json\/wp\/v2\/pages\/3231","targetHints":{"allow":["GET"]}}],"collection":[{"href":"https:\/\/www.electratransformers.com\/en\/wp-json\/wp\/v2\/pages"}],"about":[{"href":"https:\/\/www.electratransformers.com\/en\/wp-json\/wp\/v2\/types\/page"}],"author":[{"embeddable":true,"href":"https:\/\/www.electratransformers.com\/en\/wp-json\/wp\/v2\/users\/2"}],"replies":[{"embeddable":true,"href":"https:\/\/www.electratransformers.com\/en\/wp-json\/wp\/v2\/comments?post=3231"}],"version-history":[{"count":0,"href":"https:\/\/www.electratransformers.com\/en\/wp-json\/wp\/v2\/pages\/3231\/revisions"}],"wp:attachment":[{"href":"https:\/\/www.electratransformers.com\/en\/wp-json\/wp\/v2\/media?parent=3231"}],"curies":[{"name":"wp","href":"https:\/\/api.w.org\/{rel}","templated":true}]}}