{"id":3223,"date":"2023-04-05T16:18:59","date_gmt":"2023-04-05T13:18:59","guid":{"rendered":"https:\/\/www.electratransformers.com\/?page_id=3223"},"modified":"2024-08-14T22:02:00","modified_gmt":"2024-08-14T19:02:00","slug":"sargi","status":"publish","type":"page","link":"https:\/\/www.electratransformers.com\/en\/sargi\/","title":{"rendered":"Dressing"},"content":{"rendered":"<p><img fetchpriority=\"high\" decoding=\"async\" class=\"alignright\" src=\"https:\/\/www.electratransformers.com\/wp-content\/uploads\/2024\/08\/sargilar.png\" alt=\"\" width=\"282\" height=\"250\" \/><\/p>\n<h3>They are wound on modern winding machines:<\/h3>\n<p>Distribution Transformers Windings: Low voltage winding conductor is copper. Layer insulation in sheet windings is provided with thermally improved resin paper (DPP).<\/p>\n<p>High Voltage winding conductor is copper. Windings are enameled round copper wire, insulation paper covered flat copper wire. Layer windings are wound with computer controlled fully automatic machines, layer insulation is formed in the form of a wedge with strip-shaped electrical insulation papers (electrical kraft, thermally improved kraft and resin thermal paper). This layer insulation structure increases the resistance of the winding against excessive voltage impacts; this method allows the obtaining of void-free, solid, excellent-featured coils.<\/p>\n<h3>Power Transformers Windings:<\/h3>\n<p>Low voltage and high voltage winding conductors are copper. Windings are wound using copper wire covered with insulation paper as layer winding, continuous disc winding, helical winding or screw winding depending on the transformer power.<\/p>","protected":false},"excerpt":{"rendered":"<p>Modern sar\u0131m makinelerinde sar\u0131l\u0131rlar: Da\u011f\u0131t\u0131m Transformat\u00f6rleri Sarg\u0131lar\u0131: Al\u00e7ak gerilim sarg\u0131 iletkeni bak\u0131r Levha sarg\u0131larda kat izolasyonu termik olarak iyile\u015ftirilmi\u015f re\u00e7ineli ka\u011f\u0131t (DPP) ile sa\u011flanmaktad\u0131r. Y\u00fcksek Gerilim sarg\u0131 iletkeni bakir Sarg\u0131lar emaye kapl\u0131 yuvarlak bak\u0131r tel, izolasyon ka\u011f\u0131d\u0131 kapl\u0131 yass\u0131 bak\u0131r teldir. Kat sarg\u0131lar bilgisayar kontroll\u00fc tam otomatik makineler ile sar\u0131lmaktad\u0131r, kat izolasyonu \u015ferit \u015feklindeki elektriksel [&hellip;]<\/p>","protected":false},"author":2,"featured_media":0,"parent":0,"menu_order":0,"comment_status":"closed","ping_status":"closed","template":"","meta":{"_joinchat":[],"footnotes":""},"class_list":["post-3223","page","type-page","status-publish","hentry"],"yoast_head":"<!-- This site is optimized with the Yoast SEO plugin v26.5 - https:\/\/yoast.com\/wordpress\/plugins\/seo\/ -->\n<title>Sarg\u0131 - Electra Transformer - Konya<\/title>\n<meta name=\"robots\" content=\"index, follow, max-snippet:-1, max-image-preview:large, max-video-preview:-1\" \/>\n<link rel=\"canonical\" href=\"https:\/\/www.electratransformers.com\/en\/sargi\/\" \/>\n<meta property=\"og:locale\" content=\"en_US\" \/>\n<meta property=\"og:type\" content=\"article\" \/>\n<meta property=\"og:title\" content=\"Sarg\u0131 - Electra Transformer - Konya\" \/>\n<meta property=\"og:description\" content=\"Modern sar\u0131m makinelerinde sar\u0131l\u0131rlar: Da\u011f\u0131t\u0131m Transformat\u00f6rleri Sarg\u0131lar\u0131: Al\u00e7ak gerilim sarg\u0131 iletkeni bak\u0131r Levha sarg\u0131larda kat izolasyonu termik olarak iyile\u015ftirilmi\u015f re\u00e7ineli ka\u011f\u0131t (DPP) ile sa\u011flanmaktad\u0131r. Y\u00fcksek Gerilim sarg\u0131 iletkeni bakir Sarg\u0131lar emaye kapl\u0131 yuvarlak bak\u0131r tel, izolasyon ka\u011f\u0131d\u0131 kapl\u0131 yass\u0131 bak\u0131r teldir. Kat sarg\u0131lar bilgisayar kontroll\u00fc tam otomatik makineler ile sar\u0131lmaktad\u0131r, kat izolasyonu \u015ferit \u015feklindeki elektriksel [&hellip;]\" \/>\n<meta property=\"og:url\" content=\"https:\/\/www.electratransformers.com\/en\/sargi\/\" \/>\n<meta property=\"og:site_name\" content=\"Electra Transformer - Konya\" \/>\n<meta property=\"article:modified_time\" content=\"2024-08-14T19:02:00+00:00\" \/>\n<meta property=\"og:image\" content=\"https:\/\/www.electratransformers.com\/wp-content\/uploads\/2024\/08\/sargilar.png\" \/>\n<meta name=\"twitter:card\" content=\"summary_large_image\" \/>\n<meta name=\"twitter:label1\" content=\"Est. reading time\" \/>\n\t<meta name=\"twitter:data1\" content=\"1 minute\" \/>\n<script type=\"application\/ld+json\" class=\"yoast-schema-graph\">{\"@context\":\"https:\/\/schema.org\",\"@graph\":[{\"@type\":\"WebPage\",\"@id\":\"https:\/\/www.electratransformers.com\/sargi\/\",\"url\":\"https:\/\/www.electratransformers.com\/sargi\/\",\"name\":\"Sarg\u0131 - Electra Transformer - Konya\",\"isPartOf\":{\"@id\":\"https:\/\/www.electratransformers.com\/#website\"},\"primaryImageOfPage\":{\"@id\":\"https:\/\/www.electratransformers.com\/sargi\/#primaryimage\"},\"image\":{\"@id\":\"https:\/\/www.electratransformers.com\/sargi\/#primaryimage\"},\"thumbnailUrl\":\"https:\/\/www.electratransformers.com\/wp-content\/uploads\/2024\/08\/sargilar.png\",\"datePublished\":\"2023-04-05T13:18:59+00:00\",\"dateModified\":\"2024-08-14T19:02:00+00:00\",\"breadcrumb\":{\"@id\":\"https:\/\/www.electratransformers.com\/sargi\/#breadcrumb\"},\"inLanguage\":\"en-US\",\"potentialAction\":[{\"@type\":\"ReadAction\",\"target\":[\"https:\/\/www.electratransformers.com\/sargi\/\"]}]},{\"@type\":\"ImageObject\",\"inLanguage\":\"en-US\",\"@id\":\"https:\/\/www.electratransformers.com\/sargi\/#primaryimage\",\"url\":\"https:\/\/www.electratransformers.com\/wp-content\/uploads\/2024\/08\/sargilar.png\",\"contentUrl\":\"https:\/\/www.electratransformers.com\/wp-content\/uploads\/2024\/08\/sargilar.png\"},{\"@type\":\"BreadcrumbList\",\"@id\":\"https:\/\/www.electratransformers.com\/sargi\/#breadcrumb\",\"itemListElement\":[{\"@type\":\"ListItem\",\"position\":1,\"name\":\"Home\",\"item\":\"https:\/\/www.electratransformers.com\/\"},{\"@type\":\"ListItem\",\"position\":2,\"name\":\"Sarg\u0131\"}]},{\"@type\":\"WebSite\",\"@id\":\"https:\/\/www.electratransformers.com\/#website\",\"url\":\"https:\/\/www.electratransformers.com\/\",\"name\":\"Electra Transformer - Konya\",\"description\":\"\",\"potentialAction\":[{\"@type\":\"SearchAction\",\"target\":{\"@type\":\"EntryPoint\",\"urlTemplate\":\"https:\/\/www.electratransformers.com\/?s={search_term_string}\"},\"query-input\":{\"@type\":\"PropertyValueSpecification\",\"valueRequired\":true,\"valueName\":\"search_term_string\"}}],\"inLanguage\":\"en-US\"}]}<\/script>\n<!-- \/ Yoast SEO plugin. -->","yoast_head_json":{"title":"Sarg\u0131 - Electra Transformer - Konya","robots":{"index":"index","follow":"follow","max-snippet":"max-snippet:-1","max-image-preview":"max-image-preview:large","max-video-preview":"max-video-preview:-1"},"canonical":"https:\/\/www.electratransformers.com\/en\/sargi\/","og_locale":"en_US","og_type":"article","og_title":"Sarg\u0131 - Electra Transformer - Konya","og_description":"Modern sar\u0131m makinelerinde sar\u0131l\u0131rlar: Da\u011f\u0131t\u0131m Transformat\u00f6rleri Sarg\u0131lar\u0131: Al\u00e7ak gerilim sarg\u0131 iletkeni bak\u0131r Levha sarg\u0131larda kat izolasyonu termik olarak iyile\u015ftirilmi\u015f re\u00e7ineli ka\u011f\u0131t (DPP) ile sa\u011flanmaktad\u0131r. Y\u00fcksek Gerilim sarg\u0131 iletkeni bakir Sarg\u0131lar emaye kapl\u0131 yuvarlak bak\u0131r tel, izolasyon ka\u011f\u0131d\u0131 kapl\u0131 yass\u0131 bak\u0131r teldir. Kat sarg\u0131lar bilgisayar kontroll\u00fc tam otomatik makineler ile sar\u0131lmaktad\u0131r, kat izolasyonu \u015ferit \u015feklindeki elektriksel [&hellip;]","og_url":"https:\/\/www.electratransformers.com\/en\/sargi\/","og_site_name":"Electra Transformer - Konya","article_modified_time":"2024-08-14T19:02:00+00:00","og_image":[{"url":"https:\/\/www.electratransformers.com\/wp-content\/uploads\/2024\/08\/sargilar.png","type":"","width":"","height":""}],"twitter_card":"summary_large_image","twitter_misc":{"Est. reading time":"1 minute"},"schema":{"@context":"https:\/\/schema.org","@graph":[{"@type":"WebPage","@id":"https:\/\/www.electratransformers.com\/sargi\/","url":"https:\/\/www.electratransformers.com\/sargi\/","name":"Sarg\u0131 - Electra Transformer - Konya","isPartOf":{"@id":"https:\/\/www.electratransformers.com\/#website"},"primaryImageOfPage":{"@id":"https:\/\/www.electratransformers.com\/sargi\/#primaryimage"},"image":{"@id":"https:\/\/www.electratransformers.com\/sargi\/#primaryimage"},"thumbnailUrl":"https:\/\/www.electratransformers.com\/wp-content\/uploads\/2024\/08\/sargilar.png","datePublished":"2023-04-05T13:18:59+00:00","dateModified":"2024-08-14T19:02:00+00:00","breadcrumb":{"@id":"https:\/\/www.electratransformers.com\/sargi\/#breadcrumb"},"inLanguage":"en-US","potentialAction":[{"@type":"ReadAction","target":["https:\/\/www.electratransformers.com\/sargi\/"]}]},{"@type":"ImageObject","inLanguage":"en-US","@id":"https:\/\/www.electratransformers.com\/sargi\/#primaryimage","url":"https:\/\/www.electratransformers.com\/wp-content\/uploads\/2024\/08\/sargilar.png","contentUrl":"https:\/\/www.electratransformers.com\/wp-content\/uploads\/2024\/08\/sargilar.png"},{"@type":"BreadcrumbList","@id":"https:\/\/www.electratransformers.com\/sargi\/#breadcrumb","itemListElement":[{"@type":"ListItem","position":1,"name":"Home","item":"https:\/\/www.electratransformers.com\/"},{"@type":"ListItem","position":2,"name":"Sarg\u0131"}]},{"@type":"WebSite","@id":"https:\/\/www.electratransformers.com\/#website","url":"https:\/\/www.electratransformers.com\/","name":"Electra Transformer - Konya","description":"","potentialAction":[{"@type":"SearchAction","target":{"@type":"EntryPoint","urlTemplate":"https:\/\/www.electratransformers.com\/?s={search_term_string}"},"query-input":{"@type":"PropertyValueSpecification","valueRequired":true,"valueName":"search_term_string"}}],"inLanguage":"en-US"}]}},"_links":{"self":[{"href":"https:\/\/www.electratransformers.com\/en\/wp-json\/wp\/v2\/pages\/3223","targetHints":{"allow":["GET"]}}],"collection":[{"href":"https:\/\/www.electratransformers.com\/en\/wp-json\/wp\/v2\/pages"}],"about":[{"href":"https:\/\/www.electratransformers.com\/en\/wp-json\/wp\/v2\/types\/page"}],"author":[{"embeddable":true,"href":"https:\/\/www.electratransformers.com\/en\/wp-json\/wp\/v2\/users\/2"}],"replies":[{"embeddable":true,"href":"https:\/\/www.electratransformers.com\/en\/wp-json\/wp\/v2\/comments?post=3223"}],"version-history":[{"count":0,"href":"https:\/\/www.electratransformers.com\/en\/wp-json\/wp\/v2\/pages\/3223\/revisions"}],"wp:attachment":[{"href":"https:\/\/www.electratransformers.com\/en\/wp-json\/wp\/v2\/media?parent=3223"}],"curies":[{"name":"wp","href":"https:\/\/api.w.org\/{rel}","templated":true}]}}