{"id":3221,"date":"2023-04-05T16:15:17","date_gmt":"2023-04-05T13:15:17","guid":{"rendered":"https:\/\/www.electratransformers.com\/?page_id=3221"},"modified":"2023-04-05T16:15:17","modified_gmt":"2023-04-05T13:15:17","slug":"vizyon","status":"publish","type":"page","link":"https:\/\/www.electratransformers.com\/en\/vizyon\/","title":{"rendered":"Vision"},"content":{"rendered":"<p>To be a reliable and respected organization in Turkey and the World, constantly developing its own methods in our field of expertise, leading the sector, in order to increase the effectiveness and efficiency of our company in the national \/ international market.<\/p>","protected":false},"excerpt":{"rendered":"<p>To be a reliable and respected organization in Turkey and the World, constantly developing its own methods in our field of expertise, leading the sector, in order to increase the effectiveness and efficiency of our company in the national \/ international market.<\/p>","protected":false},"author":2,"featured_media":0,"parent":0,"menu_order":0,"comment_status":"closed","ping_status":"closed","template":"","meta":{"_joinchat":[],"footnotes":""},"class_list":["post-3221","page","type-page","status-publish","hentry"],"yoast_head":"<!-- This site is optimized with the Yoast SEO plugin v26.5 - https:\/\/yoast.com\/wordpress\/plugins\/seo\/ -->\n<title>Vizyon - Electra Transformer - Konya<\/title>\n<meta name=\"robots\" content=\"index, follow, max-snippet:-1, max-image-preview:large, max-video-preview:-1\" \/>\n<link rel=\"canonical\" href=\"https:\/\/www.electratransformers.com\/en\/vizyon\/\" \/>\n<meta property=\"og:locale\" content=\"en_US\" \/>\n<meta property=\"og:type\" content=\"article\" \/>\n<meta property=\"og:title\" content=\"Vizyon - Electra Transformer - Konya\" \/>\n<meta property=\"og:description\" content=\"Firmamizin ulusal \/ uluslararast pazarda etkinli\u011fini ve verimlili\u011fini artt\u0131rmak amac\u0131yla kendi uzmanl\u0131k alan\u0131m\u0131zda kendi y\u00f6ntemlerini s\u00fcrekli geli\u015ftiren, sekt\u00f6r\u00fcn \u00f6nc\u00fcl\u00fc\u011f\u00fcn\u00fc yapan, T\u00fcrkiye&#8217;nin ve D\u00fcnya&#8217;n\u0131n g\u00fcvenilir ve sayg\u0131n kurulu\u015fu olmak.\" \/>\n<meta property=\"og:url\" content=\"https:\/\/www.electratransformers.com\/en\/vizyon\/\" \/>\n<meta property=\"og:site_name\" content=\"Electra Transformer - Konya\" \/>\n<meta name=\"twitter:card\" content=\"summary_large_image\" \/>\n<script type=\"application\/ld+json\" class=\"yoast-schema-graph\">{\"@context\":\"https:\/\/schema.org\",\"@graph\":[{\"@type\":\"WebPage\",\"@id\":\"https:\/\/www.electratransformers.com\/vizyon\/\",\"url\":\"https:\/\/www.electratransformers.com\/vizyon\/\",\"name\":\"Vizyon - Electra Transformer - Konya\",\"isPartOf\":{\"@id\":\"https:\/\/www.electratransformers.com\/#website\"},\"datePublished\":\"2023-04-05T13:15:17+00:00\",\"breadcrumb\":{\"@id\":\"https:\/\/www.electratransformers.com\/vizyon\/#breadcrumb\"},\"inLanguage\":\"en-US\",\"potentialAction\":[{\"@type\":\"ReadAction\",\"target\":[\"https:\/\/www.electratransformers.com\/vizyon\/\"]}]},{\"@type\":\"BreadcrumbList\",\"@id\":\"https:\/\/www.electratransformers.com\/vizyon\/#breadcrumb\",\"itemListElement\":[{\"@type\":\"ListItem\",\"position\":1,\"name\":\"Home\",\"item\":\"https:\/\/www.electratransformers.com\/\"},{\"@type\":\"ListItem\",\"position\":2,\"name\":\"Vizyon\"}]},{\"@type\":\"WebSite\",\"@id\":\"https:\/\/www.electratransformers.com\/#website\",\"url\":\"https:\/\/www.electratransformers.com\/\",\"name\":\"Electra Transformer - Konya\",\"description\":\"\",\"potentialAction\":[{\"@type\":\"SearchAction\",\"target\":{\"@type\":\"EntryPoint\",\"urlTemplate\":\"https:\/\/www.electratransformers.com\/?s={search_term_string}\"},\"query-input\":{\"@type\":\"PropertyValueSpecification\",\"valueRequired\":true,\"valueName\":\"search_term_string\"}}],\"inLanguage\":\"en-US\"}]}<\/script>\n<!-- \/ Yoast SEO plugin. -->","yoast_head_json":{"title":"Vizyon - Electra Transformer - Konya","robots":{"index":"index","follow":"follow","max-snippet":"max-snippet:-1","max-image-preview":"max-image-preview:large","max-video-preview":"max-video-preview:-1"},"canonical":"https:\/\/www.electratransformers.com\/en\/vizyon\/","og_locale":"en_US","og_type":"article","og_title":"Vizyon - Electra Transformer - Konya","og_description":"Firmamizin ulusal \/ uluslararast pazarda etkinli\u011fini ve verimlili\u011fini artt\u0131rmak amac\u0131yla kendi uzmanl\u0131k alan\u0131m\u0131zda kendi y\u00f6ntemlerini s\u00fcrekli geli\u015ftiren, sekt\u00f6r\u00fcn \u00f6nc\u00fcl\u00fc\u011f\u00fcn\u00fc yapan, T\u00fcrkiye&#8217;nin ve D\u00fcnya&#8217;n\u0131n g\u00fcvenilir ve sayg\u0131n kurulu\u015fu olmak.","og_url":"https:\/\/www.electratransformers.com\/en\/vizyon\/","og_site_name":"Electra Transformer - Konya","twitter_card":"summary_large_image","schema":{"@context":"https:\/\/schema.org","@graph":[{"@type":"WebPage","@id":"https:\/\/www.electratransformers.com\/vizyon\/","url":"https:\/\/www.electratransformers.com\/vizyon\/","name":"Vizyon - Electra Transformer - Konya","isPartOf":{"@id":"https:\/\/www.electratransformers.com\/#website"},"datePublished":"2023-04-05T13:15:17+00:00","breadcrumb":{"@id":"https:\/\/www.electratransformers.com\/vizyon\/#breadcrumb"},"inLanguage":"en-US","potentialAction":[{"@type":"ReadAction","target":["https:\/\/www.electratransformers.com\/vizyon\/"]}]},{"@type":"BreadcrumbList","@id":"https:\/\/www.electratransformers.com\/vizyon\/#breadcrumb","itemListElement":[{"@type":"ListItem","position":1,"name":"Home","item":"https:\/\/www.electratransformers.com\/"},{"@type":"ListItem","position":2,"name":"Vizyon"}]},{"@type":"WebSite","@id":"https:\/\/www.electratransformers.com\/#website","url":"https:\/\/www.electratransformers.com\/","name":"Electra Transformer - Konya","description":"","potentialAction":[{"@type":"SearchAction","target":{"@type":"EntryPoint","urlTemplate":"https:\/\/www.electratransformers.com\/?s={search_term_string}"},"query-input":{"@type":"PropertyValueSpecification","valueRequired":true,"valueName":"search_term_string"}}],"inLanguage":"en-US"}]}},"_links":{"self":[{"href":"https:\/\/www.electratransformers.com\/en\/wp-json\/wp\/v2\/pages\/3221","targetHints":{"allow":["GET"]}}],"collection":[{"href":"https:\/\/www.electratransformers.com\/en\/wp-json\/wp\/v2\/pages"}],"about":[{"href":"https:\/\/www.electratransformers.com\/en\/wp-json\/wp\/v2\/types\/page"}],"author":[{"embeddable":true,"href":"https:\/\/www.electratransformers.com\/en\/wp-json\/wp\/v2\/users\/2"}],"replies":[{"embeddable":true,"href":"https:\/\/www.electratransformers.com\/en\/wp-json\/wp\/v2\/comments?post=3221"}],"version-history":[{"count":0,"href":"https:\/\/www.electratransformers.com\/en\/wp-json\/wp\/v2\/pages\/3221\/revisions"}],"wp:attachment":[{"href":"https:\/\/www.electratransformers.com\/en\/wp-json\/wp\/v2\/media?parent=3221"}],"curies":[{"name":"wp","href":"https:\/\/api.w.org\/{rel}","templated":true}]}}