{"id":3219,"date":"2023-04-05T16:14:52","date_gmt":"2023-04-05T13:14:52","guid":{"rendered":"https:\/\/www.electratransformers.com\/?page_id=3219"},"modified":"2023-04-06T13:24:47","modified_gmt":"2023-04-06T10:24:47","slug":"misyon","status":"publish","type":"page","link":"https:\/\/www.electratransformers.com\/en\/misyon\/","title":{"rendered":"Mission"},"content":{"rendered":"<p>To meet customer demands and expectations at the highest level by continuously improving our product and service quality.<br \/>\nTo create an emotional bond with our consumers through strong communication and to ensure customer loyalty.<br \/>\nTo establish the most preferred leading transformer production chain by expanding the chain of stores at home and abroad, and to increase our competitive power and profitability.<\/p>","protected":false},"excerpt":{"rendered":"<p>\u00dcr\u00fcn ve hizmet kalitemizi s\u00fcrekli geli\u015ftirerek m\u00fc\u015fteri talep ve beklentilerini en \u00fcst seviyede kar\u015f\u0131lamak. G\u00fc\u00e7l\u00fc bir ileti\u015fim ile t\u00fcketicimizle aram\u0131zda duygusal bir ba\u011f yaratmak ve m\u00fc\u015fteri sadakatini sa\u011flamak. Yurt i\u00e7i ve yurt d\u0131\u015f\u0131nda ma\u011fazalar zincirini b\u00fcy\u00fcterek en \u00e7ok tercih edilen lider transformat\u00f6r \u00fcretim zinciri kurmak, rekabet g\u00fcc\u00fcm\u00fcz\u00fc ve karl\u0131l\u0131\u011f\u0131m\u0131z\u0131 artt\u0131rmak.<\/p>","protected":false},"author":2,"featured_media":0,"parent":0,"menu_order":0,"comment_status":"closed","ping_status":"closed","template":"","meta":{"_joinchat":[],"footnotes":""},"class_list":["post-3219","page","type-page","status-publish","hentry"],"yoast_head":"<!-- This site is optimized with the Yoast SEO plugin v26.5 - https:\/\/yoast.com\/wordpress\/plugins\/seo\/ -->\n<title>Misyon - Electra Transformer - Konya<\/title>\n<meta name=\"robots\" content=\"index, follow, max-snippet:-1, max-image-preview:large, max-video-preview:-1\" \/>\n<link rel=\"canonical\" href=\"https:\/\/www.electratransformers.com\/en\/misyon\/\" \/>\n<meta property=\"og:locale\" content=\"en_US\" \/>\n<meta property=\"og:type\" content=\"article\" \/>\n<meta property=\"og:title\" content=\"Misyon - Electra Transformer - Konya\" \/>\n<meta property=\"og:description\" content=\"\u00dcr\u00fcn ve hizmet kalitemizi s\u00fcrekli geli\u015ftirerek m\u00fc\u015fteri talep ve beklentilerini en \u00fcst seviyede kar\u015f\u0131lamak. G\u00fc\u00e7l\u00fc bir ileti\u015fim ile t\u00fcketicimizle aram\u0131zda duygusal bir ba\u011f yaratmak ve m\u00fc\u015fteri sadakatini sa\u011flamak. Yurt i\u00e7i ve yurt d\u0131\u015f\u0131nda ma\u011fazalar zincirini b\u00fcy\u00fcterek en \u00e7ok tercih edilen lider transformat\u00f6r \u00fcretim zinciri kurmak, rekabet g\u00fcc\u00fcm\u00fcz\u00fc ve karl\u0131l\u0131\u011f\u0131m\u0131z\u0131 artt\u0131rmak.\" \/>\n<meta property=\"og:url\" content=\"https:\/\/www.electratransformers.com\/en\/misyon\/\" \/>\n<meta property=\"og:site_name\" content=\"Electra Transformer - Konya\" \/>\n<meta property=\"article:modified_time\" content=\"2023-04-06T10:24:47+00:00\" \/>\n<meta name=\"twitter:card\" content=\"summary_large_image\" \/>\n<meta name=\"twitter:label1\" content=\"Est. reading time\" \/>\n\t<meta name=\"twitter:data1\" content=\"1 minute\" \/>\n<script type=\"application\/ld+json\" class=\"yoast-schema-graph\">{\"@context\":\"https:\/\/schema.org\",\"@graph\":[{\"@type\":\"WebPage\",\"@id\":\"https:\/\/www.electratransformers.com\/misyon\/\",\"url\":\"https:\/\/www.electratransformers.com\/misyon\/\",\"name\":\"Misyon - Electra Transformer - Konya\",\"isPartOf\":{\"@id\":\"https:\/\/www.electratransformers.com\/#website\"},\"datePublished\":\"2023-04-05T13:14:52+00:00\",\"dateModified\":\"2023-04-06T10:24:47+00:00\",\"breadcrumb\":{\"@id\":\"https:\/\/www.electratransformers.com\/misyon\/#breadcrumb\"},\"inLanguage\":\"en-US\",\"potentialAction\":[{\"@type\":\"ReadAction\",\"target\":[\"https:\/\/www.electratransformers.com\/misyon\/\"]}]},{\"@type\":\"BreadcrumbList\",\"@id\":\"https:\/\/www.electratransformers.com\/misyon\/#breadcrumb\",\"itemListElement\":[{\"@type\":\"ListItem\",\"position\":1,\"name\":\"Home\",\"item\":\"https:\/\/www.electratransformers.com\/\"},{\"@type\":\"ListItem\",\"position\":2,\"name\":\"Misyon\"}]},{\"@type\":\"WebSite\",\"@id\":\"https:\/\/www.electratransformers.com\/#website\",\"url\":\"https:\/\/www.electratransformers.com\/\",\"name\":\"Electra Transformer - Konya\",\"description\":\"\",\"potentialAction\":[{\"@type\":\"SearchAction\",\"target\":{\"@type\":\"EntryPoint\",\"urlTemplate\":\"https:\/\/www.electratransformers.com\/?s={search_term_string}\"},\"query-input\":{\"@type\":\"PropertyValueSpecification\",\"valueRequired\":true,\"valueName\":\"search_term_string\"}}],\"inLanguage\":\"en-US\"}]}<\/script>\n<!-- \/ Yoast SEO plugin. -->","yoast_head_json":{"title":"Misyon - Electra Transformer - Konya","robots":{"index":"index","follow":"follow","max-snippet":"max-snippet:-1","max-image-preview":"max-image-preview:large","max-video-preview":"max-video-preview:-1"},"canonical":"https:\/\/www.electratransformers.com\/en\/misyon\/","og_locale":"en_US","og_type":"article","og_title":"Misyon - Electra Transformer - Konya","og_description":"\u00dcr\u00fcn ve hizmet kalitemizi s\u00fcrekli geli\u015ftirerek m\u00fc\u015fteri talep ve beklentilerini en \u00fcst seviyede kar\u015f\u0131lamak. G\u00fc\u00e7l\u00fc bir ileti\u015fim ile t\u00fcketicimizle aram\u0131zda duygusal bir ba\u011f yaratmak ve m\u00fc\u015fteri sadakatini sa\u011flamak. Yurt i\u00e7i ve yurt d\u0131\u015f\u0131nda ma\u011fazalar zincirini b\u00fcy\u00fcterek en \u00e7ok tercih edilen lider transformat\u00f6r \u00fcretim zinciri kurmak, rekabet g\u00fcc\u00fcm\u00fcz\u00fc ve karl\u0131l\u0131\u011f\u0131m\u0131z\u0131 artt\u0131rmak.","og_url":"https:\/\/www.electratransformers.com\/en\/misyon\/","og_site_name":"Electra Transformer - Konya","article_modified_time":"2023-04-06T10:24:47+00:00","twitter_card":"summary_large_image","twitter_misc":{"Est. reading time":"1 minute"},"schema":{"@context":"https:\/\/schema.org","@graph":[{"@type":"WebPage","@id":"https:\/\/www.electratransformers.com\/misyon\/","url":"https:\/\/www.electratransformers.com\/misyon\/","name":"Misyon - Electra Transformer - Konya","isPartOf":{"@id":"https:\/\/www.electratransformers.com\/#website"},"datePublished":"2023-04-05T13:14:52+00:00","dateModified":"2023-04-06T10:24:47+00:00","breadcrumb":{"@id":"https:\/\/www.electratransformers.com\/misyon\/#breadcrumb"},"inLanguage":"en-US","potentialAction":[{"@type":"ReadAction","target":["https:\/\/www.electratransformers.com\/misyon\/"]}]},{"@type":"BreadcrumbList","@id":"https:\/\/www.electratransformers.com\/misyon\/#breadcrumb","itemListElement":[{"@type":"ListItem","position":1,"name":"Home","item":"https:\/\/www.electratransformers.com\/"},{"@type":"ListItem","position":2,"name":"Misyon"}]},{"@type":"WebSite","@id":"https:\/\/www.electratransformers.com\/#website","url":"https:\/\/www.electratransformers.com\/","name":"Electra Transformer - Konya","description":"","potentialAction":[{"@type":"SearchAction","target":{"@type":"EntryPoint","urlTemplate":"https:\/\/www.electratransformers.com\/?s={search_term_string}"},"query-input":{"@type":"PropertyValueSpecification","valueRequired":true,"valueName":"search_term_string"}}],"inLanguage":"en-US"}]}},"_links":{"self":[{"href":"https:\/\/www.electratransformers.com\/en\/wp-json\/wp\/v2\/pages\/3219","targetHints":{"allow":["GET"]}}],"collection":[{"href":"https:\/\/www.electratransformers.com\/en\/wp-json\/wp\/v2\/pages"}],"about":[{"href":"https:\/\/www.electratransformers.com\/en\/wp-json\/wp\/v2\/types\/page"}],"author":[{"embeddable":true,"href":"https:\/\/www.electratransformers.com\/en\/wp-json\/wp\/v2\/users\/2"}],"replies":[{"embeddable":true,"href":"https:\/\/www.electratransformers.com\/en\/wp-json\/wp\/v2\/comments?post=3219"}],"version-history":[{"count":0,"href":"https:\/\/www.electratransformers.com\/en\/wp-json\/wp\/v2\/pages\/3219\/revisions"}],"wp:attachment":[{"href":"https:\/\/www.electratransformers.com\/en\/wp-json\/wp\/v2\/media?parent=3219"}],"curies":[{"name":"wp","href":"https:\/\/api.w.org\/{rel}","templated":true}]}}