{"id":21,"date":"2019-06-19T11:15:40","date_gmt":"2019-06-19T08:15:40","guid":{"rendered":"http:\/\/space.xtemos.com\/demo\/lumen\/?page_id=21"},"modified":"2024-08-14T21:52:28","modified_gmt":"2024-08-14T18:52:28","slug":"hakkimizda","status":"publish","type":"page","link":"https:\/\/www.electratransformers.com\/en\/hakkimizda\/","title":{"rendered":"About Us"},"content":{"rendered":"<div data-elementor-type=\"wp-page\" data-elementor-id=\"21\" class=\"elementor elementor-21\">\n\t\t\t\t\t\t<section class=\"xts-negative-gap elementor-section elementor-top-section elementor-element elementor-element-fb78f7d elementor-section-content-middle elementor-reverse-tablet elementor-reverse-mobile elementor-section-full_width xts-section-stretch elementor-section-height-default elementor-section-height-default\" data-id=\"fb78f7d\" data-element_type=\"section\">\n\t\t\t\t\t\t<div class=\"elementor-container elementor-column-gap-wide\">\n\t\t\t\t\t<div class=\"elementor-column elementor-col-50 elementor-top-column elementor-element elementor-element-62de310\" data-id=\"62de310\" data-element_type=\"column\">\n\t\t\t<div class=\"elementor-widget-wrap elementor-element-populated\">\n\t\t\t\t\t\t<div class=\"elementor-element elementor-element-553f819 elementor-widget elementor-widget-image\" data-id=\"553f819\" data-element_type=\"widget\" data-widget_type=\"image.default\">\n\t\t\t\t<div class=\"elementor-widget-container\">\n\t\t\t\t\t\t\t\t\t\t\t\t\t\t\t<img fetchpriority=\"high\" decoding=\"async\" width=\"823\" height=\"591\" src=\"image\/jpg;base64,\/9j\/4AAQSkZJRgABAQEAYABgAAD\/\/gA7Q1JFQVRPUjogZ2QtanBlZyB2MS4wICh1c2luZyBJSkcgSlBFRyB2NjIpLCBxdWFsaXR5ID0gODIK\/9sAQwAGBAQFBAQGBQUFBgYGBwkOCQkICAkSDQ0KDhUSFhYVEhQUFxohHBcYHxkUFB0nHR8iIyUlJRYcKSwoJCshJCUk\/9sAQwEGBgYJCAkRCQkRJBgUGCQkJCQkJCQkJCQkJCQkJCQkJCQkJCQkJCQkJCQkJCQkJCQkJCQkJCQkJCQkJCQkJCQk\/8AAEQgACgAOAwEiAAIRAQMRAf\/EAB8AAAEFAQEBAQEBAAAAAAAAAAABAgMEBQYHCAkKC\/\/EALUQAAIBAwMCBAMFBQQEAAABfQECAwAEEQUSITFBBhNRYQcicRQygZGhCCNCscEVUtHwJDNicoIJChYXGBkaJSYnKCkqNDU2Nzg5OkNERUZHSElKU1RVVldYWVpjZGVmZ2hpanN0dXZ3eHl6g4SFhoeIiYqSk5SVlpeYmZqio6Slpqeoqaqys7S1tre4ubrCw8TFxsfIycrS09TV1tfY2drh4uPk5ebn6Onq8fLz9PX29\/j5+v\/EAB8BAAMBAQEBAQEBAQEAAAAAAAABAgMEBQYHCAkKC\/\/EALURAAIBAgQEAwQHBQQEAAECdwABAgMRBAUhMQYSQVEHYXETIjKBCBRCkaGxwQkjM1LwFWJy0QoWJDThJfEXGBkaJicoKSo1Njc4OTpDREVGR0hJSlNUVVZXWFlaY2RlZmdoaWpzdHV2d3h5eoKDhIWGh4iJipKTlJWWl5iZmqKjpKWmp6ipqrKztLW2t7i5usLDxMXGx8jJytLT1NXW19jZ2uLj5OXm5+jp6vLz9PX29\/j5+v\/aAAwDAQACEQMRAD8A8W8O6TDc3In1KG4NgqMzPER2yOfbINUNS0+bTrlo5YZIlPzIJMElTyMkcZwR+dVKK\/S1F817niX0P\/\/Z\" class=\"attachment-large size-large wp-image-4679 xts-lazy-load xts-lazy-fade\" alt=\"\" srcset=\"\" sizes=\"(max-width: 823px) 100vw, 823px\" data-xts-src=\"https:\/\/www.electratransformers.com\/wp-content\/uploads\/2024\/08\/electra-logo-1.jpg\" data-srcset=\"https:\/\/www.electratransformers.com\/wp-content\/uploads\/2024\/08\/electra-logo-1.jpg 823w, https:\/\/www.electratransformers.com\/wp-content\/uploads\/2024\/08\/electra-logo-1-500x359.jpg 500w, https:\/\/www.electratransformers.com\/wp-content\/uploads\/2024\/08\/electra-logo-1-768x552.jpg 768w\" \/>\t\t\t\t\t\t\t\t\t\t\t\t\t\t\t<\/div>\n\t\t\t\t<\/div>\n\t\t\t\t\t<\/div>\n\t\t<\/div>\n\t\t\t\t<div class=\"elementor-column elementor-col-50 elementor-top-column elementor-element elementor-element-3887a21\" data-id=\"3887a21\" data-element_type=\"column\">\n\t\t\t<div class=\"elementor-widget-wrap elementor-element-populated\">\n\t\t\t\t\t\t<div class=\"elementor-element elementor-element-2b07368 elementor-widget elementor-widget-xts_title\" data-id=\"2b07368\" data-element_type=\"widget\" data-widget_type=\"xts_title.default\">\n\t\t\t\t<div class=\"elementor-widget-container\">\n\t\t\t\t\t\t\t\t<div class=\"xts-section-heading xts-reset-mb-10 xts-reset-last xts-textalign-left\" data-animation-delay=\"\">\r\n\t\t\t\t\r\n\t\t\t\t\t\t\t\t\t<h4 class=\"xts-section-title title xts-design-default xts-fontsize-xl\">\r\n\t\t\t\t\t\t<span class=\"xts-section-title-text\" data-elementor-setting-key=\"title\">\r\n\t\t\t\t\t\t\tAbout Us\t\t\t\t\t\t<\/span>\r\n\r\n\t\t\t\t\t\t\t\t\t\t\t<\/h4>\r\n\t\t\t\t\r\n\t\t\t\t\r\n\t\t\t\t\t\t\t<\/div>\r\n\t\t\t\t\t\t<\/div>\n\t\t\t\t<\/div>\n\t\t\t\t<div class=\"elementor-element elementor-element-ae4c077 elementor-widget-tablet__width-inherit xts-scheme-inherit xts-textalign-inherit elementor-widget elementor-widget-text-editor\" data-id=\"ae4c077\" data-element_type=\"widget\" data-widget_type=\"text-editor.default\">\n\t\t\t\t<div class=\"elementor-widget-container\">\n\t\t\t\t\t\t\t\t\t<div class=\"gtx-body\"><p>Electra Transformer is a company operating in Konya and specializing in transformer production. The company is especially known for its production of oil-immersed distribution transformers. It has gained an important place in the sector with its high-quality products and customer-oriented service approach.<\/p><p>Electra Transformer attracts attention with its wide product range and reasonable price policy. The company&#039;s working hours are between 09:00 - 18:00 on weekdays and Saturdays. It aims to offer reliable and durable products by keeping customer satisfaction at the forefront.<\/p><\/div>\t\t\t\t\t\t\t\t<\/div>\n\t\t\t\t<\/div>\n\t\t\t\t<div class=\"elementor-element elementor-element-aa2a545 elementor-widget elementor-widget-xts_button\" data-id=\"aa2a545\" data-element_type=\"widget\" data-widget_type=\"xts_button.default\">\n\t\t\t\t<div class=\"elementor-widget-container\">\n\t\t\t\t\t\t\t\t<div class=\"xts-button-wrapper xts-textalign-left\" >\r\n\t\t\t\t\t\t\t\t\t<a class=\"xts-button xts-size-m xts-style-default xts-color-primary xts-shape-round\"  href=\"https:\/\/www.electratransformer.com\/hakkimizda\/\">\r\n\t\t\t\t\t\t<span class=\"xts-button-text\" data-elementor-setting-key=\"button_text\">\r\n\t\t\t\t\t\t\tDetailed Information...\t\t\t\t\t\t<\/span>\r\n\r\n\t\t\t\t\t\t\t\t\t\t\t<\/a>\r\n\t\t\t\t\t\t\t<\/div>\r\n\t\t\t\t\t\t<\/div>\n\t\t\t\t<\/div>\n\t\t\t\t\t<\/div>\n\t\t<\/div>\n\t\t\t\t\t<\/div>\n\t\t<\/section>\n\t\t\t\t<\/div>","protected":false},"excerpt":{"rendered":"<p>Hakk\u0131m\u0131zda Electra Transformat\u00f6r, Konya\u2019da faaliyet g\u00f6steren ve trafo \u00fcretiminde uzmanla\u015fm\u0131\u015f bir firmad\u0131r. \u015eirket, \u00f6zellikle ya\u011fl\u0131 tip da\u011f\u0131t\u0131m transformat\u00f6rleri \u00fcretimiyle tan\u0131nmaktad\u0131r. Y\u00fcksek kaliteli \u00fcr\u00fcnleri ve m\u00fc\u015fteri odakl\u0131 hizmet anlay\u0131\u015f\u0131yla sekt\u00f6rde \u00f6nemli bir yer edinmi\u015ftir. Electra Transformat\u00f6r, geni\u015f \u00fcr\u00fcn yelpazesi ve uygun fiyat politikas\u0131yla dikkat \u00e7ekmektedir. Firman\u0131n \u00e7al\u0131\u015fma saatleri hafta i\u00e7i ve cumartesi g\u00fcnleri 09:00 &#8211; 18:00 [&hellip;]<\/p>","protected":false},"author":1,"featured_media":0,"parent":0,"menu_order":0,"comment_status":"closed","ping_status":"closed","template":"","meta":{"_joinchat":[],"footnotes":""},"class_list":["post-21","page","type-page","status-publish","hentry"],"yoast_head":"<!-- This site is optimized with the Yoast SEO plugin v26.5 - https:\/\/yoast.com\/wordpress\/plugins\/seo\/ -->\n<title>Hakk\u0131m\u0131zda - Electra Transformer - Konya<\/title>\n<meta name=\"robots\" content=\"index, follow, max-snippet:-1, max-image-preview:large, max-video-preview:-1\" \/>\n<link rel=\"canonical\" href=\"https:\/\/www.electratransformers.com\/en\/hakkimizda\/\" \/>\n<meta property=\"og:locale\" content=\"en_US\" \/>\n<meta property=\"og:type\" content=\"article\" \/>\n<meta property=\"og:title\" content=\"Hakk\u0131m\u0131zda - Electra Transformer - Konya\" \/>\n<meta property=\"og:description\" content=\"Hakk\u0131m\u0131zda Electra Transformat\u00f6r, Konya\u2019da faaliyet g\u00f6steren ve trafo \u00fcretiminde uzmanla\u015fm\u0131\u015f bir firmad\u0131r. \u015eirket, \u00f6zellikle ya\u011fl\u0131 tip da\u011f\u0131t\u0131m transformat\u00f6rleri \u00fcretimiyle tan\u0131nmaktad\u0131r. Y\u00fcksek kaliteli \u00fcr\u00fcnleri ve m\u00fc\u015fteri odakl\u0131 hizmet anlay\u0131\u015f\u0131yla sekt\u00f6rde \u00f6nemli bir yer edinmi\u015ftir. Electra Transformat\u00f6r, geni\u015f \u00fcr\u00fcn yelpazesi ve uygun fiyat politikas\u0131yla dikkat \u00e7ekmektedir. Firman\u0131n \u00e7al\u0131\u015fma saatleri hafta i\u00e7i ve cumartesi g\u00fcnleri 09:00 &#8211; 18:00 [&hellip;]\" \/>\n<meta property=\"og:url\" content=\"https:\/\/www.electratransformers.com\/en\/hakkimizda\/\" \/>\n<meta property=\"og:site_name\" content=\"Electra Transformer - Konya\" \/>\n<meta property=\"article:modified_time\" content=\"2024-08-14T18:52:28+00:00\" \/>\n<meta property=\"og:image\" content=\"https:\/\/www.electratransformers.com\/wp-content\/uploads\/2024\/08\/electra-logo-1.jpg\" \/>\n<meta name=\"twitter:card\" content=\"summary_large_image\" \/>\n<meta name=\"twitter:label1\" content=\"Est. reading time\" \/>\n\t<meta name=\"twitter:data1\" content=\"1 minute\" \/>\n<script type=\"application\/ld+json\" class=\"yoast-schema-graph\">{\"@context\":\"https:\/\/schema.org\",\"@graph\":[{\"@type\":\"WebPage\",\"@id\":\"https:\/\/www.electratransformers.com\/hakkimizda\/\",\"url\":\"https:\/\/www.electratransformers.com\/hakkimizda\/\",\"name\":\"Hakk\u0131m\u0131zda - Electra Transformer - Konya\",\"isPartOf\":{\"@id\":\"https:\/\/www.electratransformers.com\/#website\"},\"primaryImageOfPage\":{\"@id\":\"https:\/\/www.electratransformers.com\/hakkimizda\/#primaryimage\"},\"image\":{\"@id\":\"https:\/\/www.electratransformers.com\/hakkimizda\/#primaryimage\"},\"thumbnailUrl\":\"https:\/\/www.electratransformers.com\/wp-content\/uploads\/2024\/08\/electra-logo-1.jpg\",\"datePublished\":\"2019-06-19T08:15:40+00:00\",\"dateModified\":\"2024-08-14T18:52:28+00:00\",\"breadcrumb\":{\"@id\":\"https:\/\/www.electratransformers.com\/hakkimizda\/#breadcrumb\"},\"inLanguage\":\"en-US\",\"potentialAction\":[{\"@type\":\"ReadAction\",\"target\":[\"https:\/\/www.electratransformers.com\/hakkimizda\/\"]}]},{\"@type\":\"ImageObject\",\"inLanguage\":\"en-US\",\"@id\":\"https:\/\/www.electratransformers.com\/hakkimizda\/#primaryimage\",\"url\":\"https:\/\/www.electratransformers.com\/wp-content\/uploads\/2024\/08\/electra-logo-1.jpg\",\"contentUrl\":\"https:\/\/www.electratransformers.com\/wp-content\/uploads\/2024\/08\/electra-logo-1.jpg\"},{\"@type\":\"BreadcrumbList\",\"@id\":\"https:\/\/www.electratransformers.com\/hakkimizda\/#breadcrumb\",\"itemListElement\":[{\"@type\":\"ListItem\",\"position\":1,\"name\":\"Home\",\"item\":\"https:\/\/www.electratransformers.com\/\"},{\"@type\":\"ListItem\",\"position\":2,\"name\":\"Hakk\u0131m\u0131zda\"}]},{\"@type\":\"WebSite\",\"@id\":\"https:\/\/www.electratransformers.com\/#website\",\"url\":\"https:\/\/www.electratransformers.com\/\",\"name\":\"Electra Transformer - Konya\",\"description\":\"\",\"potentialAction\":[{\"@type\":\"SearchAction\",\"target\":{\"@type\":\"EntryPoint\",\"urlTemplate\":\"https:\/\/www.electratransformers.com\/?s={search_term_string}\"},\"query-input\":{\"@type\":\"PropertyValueSpecification\",\"valueRequired\":true,\"valueName\":\"search_term_string\"}}],\"inLanguage\":\"en-US\"}]}<\/script>\n<!-- \/ Yoast SEO plugin. -->","yoast_head_json":{"title":"Hakk\u0131m\u0131zda - Electra Transformer - Konya","robots":{"index":"index","follow":"follow","max-snippet":"max-snippet:-1","max-image-preview":"max-image-preview:large","max-video-preview":"max-video-preview:-1"},"canonical":"https:\/\/www.electratransformers.com\/en\/hakkimizda\/","og_locale":"en_US","og_type":"article","og_title":"Hakk\u0131m\u0131zda - Electra Transformer - Konya","og_description":"Hakk\u0131m\u0131zda Electra Transformat\u00f6r, Konya\u2019da faaliyet g\u00f6steren ve trafo \u00fcretiminde uzmanla\u015fm\u0131\u015f bir firmad\u0131r. \u015eirket, \u00f6zellikle ya\u011fl\u0131 tip da\u011f\u0131t\u0131m transformat\u00f6rleri \u00fcretimiyle tan\u0131nmaktad\u0131r. Y\u00fcksek kaliteli \u00fcr\u00fcnleri ve m\u00fc\u015fteri odakl\u0131 hizmet anlay\u0131\u015f\u0131yla sekt\u00f6rde \u00f6nemli bir yer edinmi\u015ftir. Electra Transformat\u00f6r, geni\u015f \u00fcr\u00fcn yelpazesi ve uygun fiyat politikas\u0131yla dikkat \u00e7ekmektedir. Firman\u0131n \u00e7al\u0131\u015fma saatleri hafta i\u00e7i ve cumartesi g\u00fcnleri 09:00 &#8211; 18:00 [&hellip;]","og_url":"https:\/\/www.electratransformers.com\/en\/hakkimizda\/","og_site_name":"Electra Transformer - Konya","article_modified_time":"2024-08-14T18:52:28+00:00","og_image":[{"url":"https:\/\/www.electratransformers.com\/wp-content\/uploads\/2024\/08\/electra-logo-1.jpg","type":"","width":"","height":""}],"twitter_card":"summary_large_image","twitter_misc":{"Est. reading time":"1 minute"},"schema":{"@context":"https:\/\/schema.org","@graph":[{"@type":"WebPage","@id":"https:\/\/www.electratransformers.com\/hakkimizda\/","url":"https:\/\/www.electratransformers.com\/hakkimizda\/","name":"Hakk\u0131m\u0131zda - Electra Transformer - Konya","isPartOf":{"@id":"https:\/\/www.electratransformers.com\/#website"},"primaryImageOfPage":{"@id":"https:\/\/www.electratransformers.com\/hakkimizda\/#primaryimage"},"image":{"@id":"https:\/\/www.electratransformers.com\/hakkimizda\/#primaryimage"},"thumbnailUrl":"https:\/\/www.electratransformers.com\/wp-content\/uploads\/2024\/08\/electra-logo-1.jpg","datePublished":"2019-06-19T08:15:40+00:00","dateModified":"2024-08-14T18:52:28+00:00","breadcrumb":{"@id":"https:\/\/www.electratransformers.com\/hakkimizda\/#breadcrumb"},"inLanguage":"en-US","potentialAction":[{"@type":"ReadAction","target":["https:\/\/www.electratransformers.com\/hakkimizda\/"]}]},{"@type":"ImageObject","inLanguage":"en-US","@id":"https:\/\/www.electratransformers.com\/hakkimizda\/#primaryimage","url":"https:\/\/www.electratransformers.com\/wp-content\/uploads\/2024\/08\/electra-logo-1.jpg","contentUrl":"https:\/\/www.electratransformers.com\/wp-content\/uploads\/2024\/08\/electra-logo-1.jpg"},{"@type":"BreadcrumbList","@id":"https:\/\/www.electratransformers.com\/hakkimizda\/#breadcrumb","itemListElement":[{"@type":"ListItem","position":1,"name":"Home","item":"https:\/\/www.electratransformers.com\/"},{"@type":"ListItem","position":2,"name":"Hakk\u0131m\u0131zda"}]},{"@type":"WebSite","@id":"https:\/\/www.electratransformers.com\/#website","url":"https:\/\/www.electratransformers.com\/","name":"Electra Transformer - Konya","description":"","potentialAction":[{"@type":"SearchAction","target":{"@type":"EntryPoint","urlTemplate":"https:\/\/www.electratransformers.com\/?s={search_term_string}"},"query-input":{"@type":"PropertyValueSpecification","valueRequired":true,"valueName":"search_term_string"}}],"inLanguage":"en-US"}]}},"_links":{"self":[{"href":"https:\/\/www.electratransformers.com\/en\/wp-json\/wp\/v2\/pages\/21","targetHints":{"allow":["GET"]}}],"collection":[{"href":"https:\/\/www.electratransformers.com\/en\/wp-json\/wp\/v2\/pages"}],"about":[{"href":"https:\/\/www.electratransformers.com\/en\/wp-json\/wp\/v2\/types\/page"}],"author":[{"embeddable":true,"href":"https:\/\/www.electratransformers.com\/en\/wp-json\/wp\/v2\/users\/1"}],"replies":[{"embeddable":true,"href":"https:\/\/www.electratransformers.com\/en\/wp-json\/wp\/v2\/comments?post=21"}],"version-history":[{"count":0,"href":"https:\/\/www.electratransformers.com\/en\/wp-json\/wp\/v2\/pages\/21\/revisions"}],"wp:attachment":[{"href":"https:\/\/www.electratransformers.com\/en\/wp-json\/wp\/v2\/media?parent=21"}],"curies":[{"name":"wp","href":"https:\/\/api.w.org\/{rel}","templated":true}]}}